{"id":401810,"date":"2026-03-08T05:35:14","date_gmt":"2026-03-08T04:35:14","guid":{"rendered":"https:\/\/grupotextil.es\/producto\/pantalon-mujer-action\/"},"modified":"2026-03-08T05:35:14","modified_gmt":"2026-03-08T04:35:14","slug":"pantalon-mujer-action","status":"publish","type":"product","link":"https:\/\/grupotextil.es\/ca\/product\/pantalon-mujer-action\/","title":{"rendered":"Pantal\u00f3n mujer Action"},"content":{"rendered":"<ul>\n<li>270 g\/m\u00b2<\/li>\n<li>65% poli\u00e9ster, 35% algod\u00f3n (sarga)<\/li>\n<li>Duradero y resistente<\/li>\n<li>Cremallera frontal con cierre de bot\u00f3n<\/li>\n<li>Cintura el\u00e1stica con trabillas.<\/li>\n<li>Bolsillos laterales, varios bolsillos<\/li>\n<li>Bolsillos para rodilleras<\/li>\n<li>Costuras a doble aguja, costuras de refuerzo<\/li>\n<li>Pierna con dobladillo de 2  para ajustar la longitud<\/li>\n<li>Adecuado para el bordado<\/li>\n<li>Listo para decorar<\/li>\n<li>Ajuste c\u00f3modo.<\/li>\n<\/ul>","protected":false},"excerpt":{"rendered":"<p>270 g\/m\u00b265% poli\u00e9ster, 35% algod\u00f3n (sarga)Duradero y resistenteCremallera frontal con cierre de bot\u00f3nCintura el\u00e1stica con trabillas.<\/p>","protected":false},"featured_media":427704,"comment_status":"open","ping_status":"closed","template":"","meta":{"_acf_changed":false},"product_brand":[11669],"product_cat":[13954],"product_tag":[],"class_list":{"0":"post-401810","1":"product","2":"type-product","3":"status-publish","4":"has-post-thumbnail","6":"product_brand-result","7":"product_cat-acc-bolsas-y-mochilas","8":"tm-no-options","10":"first","11":"instock","12":"taxable","13":"shipping-taxable","14":"product-type-variable"},"acf":[],"_links":{"self":[{"href":"https:\/\/grupotextil.es\/ca\/wp-json\/wp\/v2\/product\/401810","targetHints":{"allow":["GET"]}}],"collection":[{"href":"https:\/\/grupotextil.es\/ca\/wp-json\/wp\/v2\/product"}],"about":[{"href":"https:\/\/grupotextil.es\/ca\/wp-json\/wp\/v2\/types\/product"}],"replies":[{"embeddable":true,"href":"https:\/\/grupotextil.es\/ca\/wp-json\/wp\/v2\/comments?post=401810"}],"wp:featuredmedia":[{"embeddable":true,"href":"https:\/\/grupotextil.es\/ca\/wp-json\/wp\/v2\/media\/427704"}],"wp:attachment":[{"href":"https:\/\/grupotextil.es\/ca\/wp-json\/wp\/v2\/media?parent=401810"}],"wp:term":[{"taxonomy":"product_brand","embeddable":true,"href":"https:\/\/grupotextil.es\/ca\/wp-json\/wp\/v2\/product_brand?post=401810"},{"taxonomy":"product_cat","embeddable":true,"href":"https:\/\/grupotextil.es\/ca\/wp-json\/wp\/v2\/product_cat?post=401810"},{"taxonomy":"product_tag","embeddable":true,"href":"https:\/\/grupotextil.es\/ca\/wp-json\/wp\/v2\/product_tag?post=401810"}],"curies":[{"name":"wp","href":"https:\/\/api.w.org\/{rel}","templated":true}]}}