{"id":401828,"date":"2026-03-08T05:35:21","date_gmt":"2026-03-08T04:35:21","guid":{"rendered":"https:\/\/grupotextil.es\/producto\/bolsa-de-aseo-tailored-luxe\/"},"modified":"2026-03-08T05:35:21","modified_gmt":"2026-03-08T04:35:21","slug":"bolsa-de-aseo-tailored-luxe","status":"publish","type":"product","link":"https:\/\/grupotextil.es\/ca\/product\/bolsa-de-aseo-tailored-luxe\/","title":{"rendered":"Bag de aseo Tailored Luxe"},"content":{"rendered":"<ul>\n<li>100% poliuretano (aspecto de cuero)<\/li>\n<li>Forro: 100% Poli\u00e9ster (Reciclado)<\/li>\n<li>Asa de mano<\/li>\n<li>Compartimento principal con cremallera<\/li>\n<li>Bolsillo delantero con cremallera<\/li>\n<li>Bolsillo interior con cremallera, 2 bolsillos internos<\/li>\n<li>etiqueta extra\u00edble para facilitar el cambio de marca<\/li>\n<li>Capacidad: 4 Litros<\/li>\n<li>Dimensiones: 25,5x16x9cm<\/li>\n<li>M\u00e1x. \u00e1rea de impresi\u00f3n: 15&#215;7 cm.<\/li>\n<\/ul>","protected":false},"excerpt":{"rendered":"<p>100% poliuretano (aspecto de cuero)Forro: 100% Poli\u00e9ster (Reciclado)Asa de manoCompartimento principal con cremalleraBolsillo delantero con cremalleraBolsillo interior con cremallera, 2 bolsillos i&#8230;<\/p>","protected":false},"featured_media":427726,"comment_status":"open","ping_status":"closed","template":"","meta":{"_acf_changed":false},"product_brand":[11657],"product_cat":[13954],"product_tag":[],"class_list":{"0":"post-401828","1":"product","2":"type-product","3":"status-publish","4":"has-post-thumbnail","6":"product_brand-quadra","7":"product_cat-acc-bolsas-y-mochilas","8":"tm-no-options","10":"first","11":"instock","12":"taxable","13":"shipping-taxable","14":"product-type-variable"},"acf":[],"_links":{"self":[{"href":"https:\/\/grupotextil.es\/ca\/wp-json\/wp\/v2\/product\/401828","targetHints":{"allow":["GET"]}}],"collection":[{"href":"https:\/\/grupotextil.es\/ca\/wp-json\/wp\/v2\/product"}],"about":[{"href":"https:\/\/grupotextil.es\/ca\/wp-json\/wp\/v2\/types\/product"}],"replies":[{"embeddable":true,"href":"https:\/\/grupotextil.es\/ca\/wp-json\/wp\/v2\/comments?post=401828"}],"wp:featuredmedia":[{"embeddable":true,"href":"https:\/\/grupotextil.es\/ca\/wp-json\/wp\/v2\/media\/427726"}],"wp:attachment":[{"href":"https:\/\/grupotextil.es\/ca\/wp-json\/wp\/v2\/media?parent=401828"}],"wp:term":[{"taxonomy":"product_brand","embeddable":true,"href":"https:\/\/grupotextil.es\/ca\/wp-json\/wp\/v2\/product_brand?post=401828"},{"taxonomy":"product_cat","embeddable":true,"href":"https:\/\/grupotextil.es\/ca\/wp-json\/wp\/v2\/product_cat?post=401828"},{"taxonomy":"product_tag","embeddable":true,"href":"https:\/\/grupotextil.es\/ca\/wp-json\/wp\/v2\/product_tag?post=401828"}],"curies":[{"name":"wp","href":"https:\/\/api.w.org\/{rel}","templated":true}]}}