{"id":401905,"date":"2026-03-08T05:35:29","date_gmt":"2026-03-08T04:35:29","guid":{"rendered":"https:\/\/grupotextil.es\/producto\/bolso-grande-studio\/"},"modified":"2026-03-08T05:35:29","modified_gmt":"2026-03-08T04:35:29","slug":"bolso-grande-studio","status":"publish","type":"product","link":"https:\/\/grupotextil.es\/ca\/product\/bolso-grande-studio\/","title":{"rendered":"Bolso Grande Studio"},"content":{"rendered":"<ul>\n<li>100% Poli\u00e9ster (Reciclado, T400D)<\/li>\n<li>Asas de mano<\/li>\n<li>Compartimento principal con apertura con cremallera de 2 v\u00edas para f\u00e1cil acceso<\/li>\n<li>Bolsillo interno para computadora port\u00e1til, compatible hasta 16<\/li>\n<li>Bolsillo delantero con cremallera<\/li>\n<li>Bolsillos laterales externos con cord\u00f3n ajustable.<\/li>\n<li>Bolsillo con cremallera en el interior<\/li>\n<li>Capacidad: 21 Litros<\/li>\n<li>Dimensiones: 38x31x18 cm<\/li>\n<li>M\u00e1x. bordado: aro de 18 tubulares<\/li>\n<li>M\u00e1x. \u00e1rea de impresi\u00f3n: 33&#215;20 cm.<\/li>\n<\/ul>","protected":false},"excerpt":{"rendered":"<p>100% Poli\u00e9ster (Reciclado, T400D)Asas de manoCompartimento principal con apertura con cremallera de 2 v\u00edas para f\u00e1cil accesoBolsillo interno para computadora port\u00e1til, compatible hasta 16Bolsillo d&#8230;<\/p>","protected":false},"featured_media":427781,"comment_status":"open","ping_status":"closed","template":"","meta":{"_acf_changed":false},"product_brand":[11657],"product_cat":[13954],"product_tag":[],"class_list":{"0":"post-401905","1":"product","2":"type-product","3":"status-publish","4":"has-post-thumbnail","6":"product_brand-quadra","7":"product_cat-acc-bolsas-y-mochilas","8":"tm-no-options","10":"first","11":"instock","12":"taxable","13":"shipping-taxable","14":"product-type-variable"},"acf":[],"_links":{"self":[{"href":"https:\/\/grupotextil.es\/ca\/wp-json\/wp\/v2\/product\/401905","targetHints":{"allow":["GET"]}}],"collection":[{"href":"https:\/\/grupotextil.es\/ca\/wp-json\/wp\/v2\/product"}],"about":[{"href":"https:\/\/grupotextil.es\/ca\/wp-json\/wp\/v2\/types\/product"}],"replies":[{"embeddable":true,"href":"https:\/\/grupotextil.es\/ca\/wp-json\/wp\/v2\/comments?post=401905"}],"wp:featuredmedia":[{"embeddable":true,"href":"https:\/\/grupotextil.es\/ca\/wp-json\/wp\/v2\/media\/427781"}],"wp:attachment":[{"href":"https:\/\/grupotextil.es\/ca\/wp-json\/wp\/v2\/media?parent=401905"}],"wp:term":[{"taxonomy":"product_brand","embeddable":true,"href":"https:\/\/grupotextil.es\/ca\/wp-json\/wp\/v2\/product_brand?post=401905"},{"taxonomy":"product_cat","embeddable":true,"href":"https:\/\/grupotextil.es\/ca\/wp-json\/wp\/v2\/product_cat?post=401905"},{"taxonomy":"product_tag","embeddable":true,"href":"https:\/\/grupotextil.es\/ca\/wp-json\/wp\/v2\/product_tag?post=401905"}],"curies":[{"name":"wp","href":"https:\/\/api.w.org\/{rel}","templated":true}]}}