{"id":401973,"date":"2026-03-08T05:35:37","date_gmt":"2026-03-08T04:35:37","guid":{"rendered":"https:\/\/grupotextil.es\/producto\/gorro-apres\/"},"modified":"2026-03-08T05:35:37","modified_gmt":"2026-03-08T04:35:37","slug":"gorro-apres","status":"publish","type":"product","link":"https:\/\/grupotextil.es\/ca\/product\/gorro-apres\/","title":{"rendered":"Beanie Apres"},"content":{"rendered":"<ul>\n<li>100% poliacr\u00edlico (tacto suave)<\/li>\n<li>Tejido de punto de cable con hilo m\u00faltiple<\/li>\n<li>Lujosa banda t\u00e9rmica de piel de oveja para mayor calidez<\/li>\n<li>Pomp\u00f3n de lujo<\/li>\n<li>Dobladillo para mejor decoraci\u00f3n<\/li>\n<li>Etiqueta extra\u00edble<\/li>\n<\/ul>","protected":false},"excerpt":{"rendered":"<p>100% poliacr\u00edlico (tacto suave)Tejido de punto de cable con hilo m\u00faltipleLujosa banda t\u00e9rmica de piel de oveja para mayor calidezPomp\u00f3n de lujoDobladillo para mejor decoraci\u00f3nEtiqueta extra\u00edble<\/p>","protected":false},"featured_media":427833,"comment_status":"open","ping_status":"closed","template":"","meta":{"_acf_changed":false},"product_brand":[11655],"product_cat":[13954],"product_tag":[],"class_list":{"0":"post-401973","1":"product","2":"type-product","3":"status-publish","4":"has-post-thumbnail","6":"product_brand-beechfield","7":"product_cat-acc-bolsas-y-mochilas","8":"tm-no-options","10":"first","11":"instock","12":"taxable","13":"shipping-taxable","14":"product-type-variable"},"acf":[],"_links":{"self":[{"href":"https:\/\/grupotextil.es\/ca\/wp-json\/wp\/v2\/product\/401973","targetHints":{"allow":["GET"]}}],"collection":[{"href":"https:\/\/grupotextil.es\/ca\/wp-json\/wp\/v2\/product"}],"about":[{"href":"https:\/\/grupotextil.es\/ca\/wp-json\/wp\/v2\/types\/product"}],"replies":[{"embeddable":true,"href":"https:\/\/grupotextil.es\/ca\/wp-json\/wp\/v2\/comments?post=401973"}],"wp:featuredmedia":[{"embeddable":true,"href":"https:\/\/grupotextil.es\/ca\/wp-json\/wp\/v2\/media\/427833"}],"wp:attachment":[{"href":"https:\/\/grupotextil.es\/ca\/wp-json\/wp\/v2\/media?parent=401973"}],"wp:term":[{"taxonomy":"product_brand","embeddable":true,"href":"https:\/\/grupotextil.es\/ca\/wp-json\/wp\/v2\/product_brand?post=401973"},{"taxonomy":"product_cat","embeddable":true,"href":"https:\/\/grupotextil.es\/ca\/wp-json\/wp\/v2\/product_cat?post=401973"},{"taxonomy":"product_tag","embeddable":true,"href":"https:\/\/grupotextil.es\/ca\/wp-json\/wp\/v2\/product_tag?post=401973"}],"curies":[{"name":"wp","href":"https:\/\/api.w.org\/{rel}","templated":true}]}}