{"id":401983,"date":"2026-03-08T05:35:39","date_gmt":"2026-03-08T04:35:39","guid":{"rendered":"https:\/\/grupotextil.es\/producto\/bolsa-tenida-natural-organica-life\/"},"modified":"2026-03-08T05:35:39","modified_gmt":"2026-03-08T04:35:39","slug":"bolsa-tenida-natural-organica-life","status":"publish","type":"product","link":"https:\/\/grupotextil.es\/ca\/product\/bolsa-tenida-natural-organica-life\/","title":{"rendered":"Bag te\u00f1ida natural org\u00e1nico Life"},"content":{"rendered":"<ul>\n<li>140 g\/m\u00b2<\/li>\n<li>100% Algod\u00f3n (org\u00e1nico)<\/li>\n<li>Fabricado con tintes naturales de origen sostenible<\/li>\n<li>Ligeras variaciones de color debido al proceso de te\u00f1ido natural<\/li>\n<li>El tinte se desvanece con el tiempo<\/li>\n<li>Se puede llevar en la mano o al hombro<\/li>\n<li>Etiqueta TearAway para facilitar el cambio de marca<\/li>\n<li>Capacidad: 10 Litros<\/li>\n<li>Medidas: 38 x 42 cm<\/li>\n<li>M\u00e1x. bordado: 18 aro tubular<\/li>\n<li>M\u00e1x. \u00e1rea de impresi\u00f3n: 33 x 36 cm<\/li>\n<\/ul>","protected":false},"excerpt":{"rendered":"<p>140 g\/m\u00b2100% Algod\u00f3n (org\u00e1nico)Fabricado con tintes naturales de origen sostenibleLigeras variaciones de color debido al proceso de te\u00f1ido naturalEl tinte se desvanece con el tiempoSe puede llevar &#8230;<\/p>","protected":false},"featured_media":427840,"comment_status":"open","ping_status":"closed","template":"","meta":{"_acf_changed":false},"product_brand":[11680],"product_cat":[13954],"product_tag":[],"class_list":{"0":"post-401983","1":"product","2":"type-product","3":"status-publish","4":"has-post-thumbnail","6":"product_brand-westford-mill","7":"product_cat-acc-bolsas-y-mochilas","8":"tm-no-options","10":"first","11":"instock","12":"taxable","13":"shipping-taxable","14":"product-type-variable"},"acf":[],"_links":{"self":[{"href":"https:\/\/grupotextil.es\/ca\/wp-json\/wp\/v2\/product\/401983","targetHints":{"allow":["GET"]}}],"collection":[{"href":"https:\/\/grupotextil.es\/ca\/wp-json\/wp\/v2\/product"}],"about":[{"href":"https:\/\/grupotextil.es\/ca\/wp-json\/wp\/v2\/types\/product"}],"replies":[{"embeddable":true,"href":"https:\/\/grupotextil.es\/ca\/wp-json\/wp\/v2\/comments?post=401983"}],"wp:featuredmedia":[{"embeddable":true,"href":"https:\/\/grupotextil.es\/ca\/wp-json\/wp\/v2\/media\/427840"}],"wp:attachment":[{"href":"https:\/\/grupotextil.es\/ca\/wp-json\/wp\/v2\/media?parent=401983"}],"wp:term":[{"taxonomy":"product_brand","embeddable":true,"href":"https:\/\/grupotextil.es\/ca\/wp-json\/wp\/v2\/product_brand?post=401983"},{"taxonomy":"product_cat","embeddable":true,"href":"https:\/\/grupotextil.es\/ca\/wp-json\/wp\/v2\/product_cat?post=401983"},{"taxonomy":"product_tag","embeddable":true,"href":"https:\/\/grupotextil.es\/ca\/wp-json\/wp\/v2\/product_tag?post=401983"}],"curies":[{"name":"wp","href":"https:\/\/api.w.org\/{rel}","templated":true}]}}