{"id":402050,"date":"2026-03-08T05:35:53","date_gmt":"2026-03-08T04:35:53","guid":{"rendered":"https:\/\/grupotextil.es\/producto\/funda-de-cojin-con-ribete-de-algodon-fairtrade\/"},"modified":"2026-03-08T05:35:53","modified_gmt":"2026-03-08T04:35:53","slug":"funda-de-cojin-con-ribete-de-algodon-fairtrade","status":"publish","type":"product","link":"https:\/\/grupotextil.es\/ca\/product\/funda-de-cojin-con-ribete-de-algodon-fairtrade\/","title":{"rendered":"Funda de coj\u00edn con ribete Cotton Fairtrade"},"content":{"rendered":"<ul>\n<li>305 g\/m\u00b2<\/li>\n<li>100% Algod\u00f3n (Lona lavada)<\/li>\n<li>Enmarcado con un borde ribeteado de primera calidad<\/li>\n<li>Parte posterior de color en contraste<\/li>\n<li>Cremallera oculta<\/li>\n<li>Etiqueta TearAway para facilitar el cambio de marca<\/li>\n<li>Medidas: 43 x 43 x 18 cm<\/li>\n<li>M\u00e1x. bordado: 18 aro tubular<\/li>\n<li>M\u00e1x. \u00e1rea de impresi\u00f3n: 36 x 36 cm<\/li>\n<\/ul>","protected":false},"excerpt":{"rendered":"<p>305 g\/m\u00b2100% Algod\u00f3n (Lona lavada)Enmarcado con un borde ribeteado de primera calidadParte posterior de color en contrasteCremallera ocultaEtiqueta TearAway para facilitar el cambio de marcaMedidas&#8230;<\/p>","protected":false},"featured_media":427918,"comment_status":"open","ping_status":"closed","template":"","meta":{"_acf_changed":false},"product_brand":[11680],"product_cat":[13954],"product_tag":[],"class_list":{"0":"post-402050","1":"product","2":"type-product","3":"status-publish","4":"has-post-thumbnail","6":"product_brand-westford-mill","7":"product_cat-acc-bolsas-y-mochilas","8":"tm-no-options","10":"first","11":"instock","12":"taxable","13":"shipping-taxable","14":"product-type-variable"},"acf":[],"_links":{"self":[{"href":"https:\/\/grupotextil.es\/ca\/wp-json\/wp\/v2\/product\/402050","targetHints":{"allow":["GET"]}}],"collection":[{"href":"https:\/\/grupotextil.es\/ca\/wp-json\/wp\/v2\/product"}],"about":[{"href":"https:\/\/grupotextil.es\/ca\/wp-json\/wp\/v2\/types\/product"}],"replies":[{"embeddable":true,"href":"https:\/\/grupotextil.es\/ca\/wp-json\/wp\/v2\/comments?post=402050"}],"wp:featuredmedia":[{"embeddable":true,"href":"https:\/\/grupotextil.es\/ca\/wp-json\/wp\/v2\/media\/427918"}],"wp:attachment":[{"href":"https:\/\/grupotextil.es\/ca\/wp-json\/wp\/v2\/media?parent=402050"}],"wp:term":[{"taxonomy":"product_brand","embeddable":true,"href":"https:\/\/grupotextil.es\/ca\/wp-json\/wp\/v2\/product_brand?post=402050"},{"taxonomy":"product_cat","embeddable":true,"href":"https:\/\/grupotextil.es\/ca\/wp-json\/wp\/v2\/product_cat?post=402050"},{"taxonomy":"product_tag","embeddable":true,"href":"https:\/\/grupotextil.es\/ca\/wp-json\/wp\/v2\/product_tag?post=402050"}],"curies":[{"name":"wp","href":"https:\/\/api.w.org\/{rel}","templated":true}]}}