{"id":402061,"date":"2026-03-08T05:35:54","date_gmt":"2026-03-08T04:35:54","guid":{"rendered":"https:\/\/grupotextil.es\/producto\/pantalon-x-over-heavy\/"},"modified":"2026-03-08T05:35:54","modified_gmt":"2026-03-08T04:35:54","slug":"pantalon-x-over-heavy","status":"publish","type":"product","link":"https:\/\/grupotextil.es\/ca\/product\/pantalon-x-over-heavy\/","title":{"rendered":"Trouser X-OVER Heavy"},"content":{"rendered":"<ul>\n<li>270 g\/m\u00b2<\/li>\n<li>65% poli\u00e9ster, 35% algod\u00f3n (sarga)<\/li>\n<li>Bolsillos: 100% poli\u00e9ster (600D oxford) con capa PU<\/li>\n<li>Resistente al viento y transpirable<\/li>\n<li>Cremallera y bot\u00f3nes<\/li>\n<li>Bolsillos delanteros removibles y bolsillo para identificaci\u00f3n<\/li>\n<li>Bolsillos cargo, anilla en forma de D,porta martillo<\/li>\n<li>Bolsillos para rodilleras<\/li>\n<li>Costuras de contraste, brenda muy resistente<\/li>\n<li>Detalle reflectante parte trasera<\/li>\n<li>Tobillo reforzado con sistema Cordura\u00ae<\/li>\n<li>Corte c\u00f3modo<\/li>\n<\/ul>","protected":false},"excerpt":{"rendered":"<p>270 g\/m\u00b265% poli\u00e9ster, 35% algod\u00f3n (sarga)Bolsillos: 100% poli\u00e9ster (600D oxford) con capa PUResistente al viento y transpirableCremallera y bot\u00f3nesBolsillos delanteros removibles y bolsillo para iden<\/p>","protected":false},"featured_media":427930,"comment_status":"open","ping_status":"closed","template":"","meta":{"_acf_changed":false},"product_brand":[11669],"product_cat":[13954],"product_tag":[],"class_list":{"0":"post-402061","1":"product","2":"type-product","3":"status-publish","4":"has-post-thumbnail","6":"product_brand-result","7":"product_cat-acc-bolsas-y-mochilas","8":"tm-no-options","10":"first","11":"instock","12":"taxable","13":"shipping-taxable","14":"product-type-variable"},"acf":[],"_links":{"self":[{"href":"https:\/\/grupotextil.es\/ca\/wp-json\/wp\/v2\/product\/402061","targetHints":{"allow":["GET"]}}],"collection":[{"href":"https:\/\/grupotextil.es\/ca\/wp-json\/wp\/v2\/product"}],"about":[{"href":"https:\/\/grupotextil.es\/ca\/wp-json\/wp\/v2\/types\/product"}],"replies":[{"embeddable":true,"href":"https:\/\/grupotextil.es\/ca\/wp-json\/wp\/v2\/comments?post=402061"}],"wp:featuredmedia":[{"embeddable":true,"href":"https:\/\/grupotextil.es\/ca\/wp-json\/wp\/v2\/media\/427930"}],"wp:attachment":[{"href":"https:\/\/grupotextil.es\/ca\/wp-json\/wp\/v2\/media?parent=402061"}],"wp:term":[{"taxonomy":"product_brand","embeddable":true,"href":"https:\/\/grupotextil.es\/ca\/wp-json\/wp\/v2\/product_brand?post=402061"},{"taxonomy":"product_cat","embeddable":true,"href":"https:\/\/grupotextil.es\/ca\/wp-json\/wp\/v2\/product_cat?post=402061"},{"taxonomy":"product_tag","embeddable":true,"href":"https:\/\/grupotextil.es\/ca\/wp-json\/wp\/v2\/product_tag?post=402061"}],"curies":[{"name":"wp","href":"https:\/\/api.w.org\/{rel}","templated":true}]}}