{"id":402071,"date":"2026-03-08T05:35:54","date_gmt":"2026-03-08T04:35:54","guid":{"rendered":"https:\/\/grupotextil.es\/producto\/bandolera-gap\/"},"modified":"2026-03-08T05:35:54","modified_gmt":"2026-03-08T04:35:54","slug":"bandolera-gap","status":"publish","type":"product","link":"https:\/\/grupotextil.es\/ca\/product\/bandolera-gap\/","title":{"rendered":"Bandolera Gap"},"content":{"rendered":"<ul>\n<li>100 % poli\u00e9ster (antidesgarro 600D)<\/li>\n<li>Bolso bandolera funcional y \u00fatil<\/li>\n<li>Compartimento principal acolchado con cierre de cremallera.<\/li>\n<li>Dos bolsillos frontales con cremallera: un bolsillo superior peque\u00f1o y un bolsillo con cremallera m\u00e1s grande debajo con bolsa extra\u00edble.<\/li>\n<li>Correa de hombro ajustable<\/li>\n<li>Malla que absorbe el sudor en la parte trasera.<\/li>\n<li>Adecuado para serigraf\u00eda, impresi\u00f3n por transferencia o bordado.<\/li>\n<li>Dimensiones: 34 x 21 x 8 cm, Capacidad: 5 Litros.<\/li>\n<\/ul>","protected":false},"excerpt":{"rendered":"<p>100 % poli\u00e9ster (antidesgarro 600D)Bolso bandolera funcional y \u00fatilCompartimento principal acolchado con cierre de cremallera.<\/p>","protected":false},"featured_media":427935,"comment_status":"open","ping_status":"closed","template":"","meta":{"_acf_changed":false},"product_brand":[11660],"product_cat":[13954],"product_tag":[],"class_list":{"0":"post-402071","1":"product","2":"type-product","3":"status-publish","4":"has-post-thumbnail","6":"product_brand-shugon","7":"product_cat-acc-bolsas-y-mochilas","8":"tm-no-options","10":"first","11":"instock","12":"taxable","13":"shipping-taxable","14":"product-type-variable"},"acf":[],"_links":{"self":[{"href":"https:\/\/grupotextil.es\/ca\/wp-json\/wp\/v2\/product\/402071","targetHints":{"allow":["GET"]}}],"collection":[{"href":"https:\/\/grupotextil.es\/ca\/wp-json\/wp\/v2\/product"}],"about":[{"href":"https:\/\/grupotextil.es\/ca\/wp-json\/wp\/v2\/types\/product"}],"replies":[{"embeddable":true,"href":"https:\/\/grupotextil.es\/ca\/wp-json\/wp\/v2\/comments?post=402071"}],"wp:featuredmedia":[{"embeddable":true,"href":"https:\/\/grupotextil.es\/ca\/wp-json\/wp\/v2\/media\/427935"}],"wp:attachment":[{"href":"https:\/\/grupotextil.es\/ca\/wp-json\/wp\/v2\/media?parent=402071"}],"wp:term":[{"taxonomy":"product_brand","embeddable":true,"href":"https:\/\/grupotextil.es\/ca\/wp-json\/wp\/v2\/product_brand?post=402071"},{"taxonomy":"product_cat","embeddable":true,"href":"https:\/\/grupotextil.es\/ca\/wp-json\/wp\/v2\/product_cat?post=402071"},{"taxonomy":"product_tag","embeddable":true,"href":"https:\/\/grupotextil.es\/ca\/wp-json\/wp\/v2\/product_tag?post=402071"}],"curies":[{"name":"wp","href":"https:\/\/api.w.org\/{rel}","templated":true}]}}