{"id":402074,"date":"2026-03-08T05:35:55","date_gmt":"2026-03-08T04:35:55","guid":{"rendered":"https:\/\/grupotextil.es\/producto\/bolso-de-lona-resort\/"},"modified":"2026-03-08T05:35:55","modified_gmt":"2026-03-08T04:35:55","slug":"bolso-de-lona-resort","status":"publish","type":"product","link":"https:\/\/grupotextil.es\/ca\/product\/bolso-de-lona-resort\/","title":{"rendered":"Bolso Canvas Resort"},"content":{"rendered":"<ul>\n<li>407 g\/m\u00b2<\/li>\n<li>100% Algod\u00f3n (lona)<\/li>\n<li>Tejido grueso de primera calidad<\/li>\n<li>Asas de algod\u00f3n<\/li>\n<li>Bolsillo interior<\/li>\n<li>Base y paneles laterales estructurados<\/li>\n<li>Se puede llevar en la mano o al hombro<\/li>\n<li>Etiqueta TearAway para facilitar el cambio de marca<\/li>\n<li>Capacidad: 20 Litros<\/li>\n<li>Medidas: 41 x 34 x 18 cm<\/li>\n<li>M\u00e1x. bordado: 22 aro tubular<\/li>\n<li>M\u00e1x. \u00e1rea de impresi\u00f3n: 36 x 29 cm<\/li>\n<\/ul>","protected":false},"excerpt":{"rendered":"<p>407 g\/m\u00b2100% Algod\u00f3n (lona)Tejido grueso de primera calidadAsas de algod\u00f3nBolsillo interiorBase y paneles laterales estructuradosSe puede llevar en la mano o al hombroEtiqueta TearAway para facilit&#8230;<\/p>","protected":false},"featured_media":427943,"comment_status":"open","ping_status":"closed","template":"","meta":{"_acf_changed":false},"product_brand":[11680],"product_cat":[13954],"product_tag":[],"class_list":{"0":"post-402074","1":"product","2":"type-product","3":"status-publish","4":"has-post-thumbnail","6":"product_brand-westford-mill","7":"product_cat-acc-bolsas-y-mochilas","8":"tm-no-options","10":"first","11":"instock","12":"taxable","13":"shipping-taxable","14":"product-type-variable"},"acf":[],"_links":{"self":[{"href":"https:\/\/grupotextil.es\/ca\/wp-json\/wp\/v2\/product\/402074","targetHints":{"allow":["GET"]}}],"collection":[{"href":"https:\/\/grupotextil.es\/ca\/wp-json\/wp\/v2\/product"}],"about":[{"href":"https:\/\/grupotextil.es\/ca\/wp-json\/wp\/v2\/types\/product"}],"replies":[{"embeddable":true,"href":"https:\/\/grupotextil.es\/ca\/wp-json\/wp\/v2\/comments?post=402074"}],"wp:featuredmedia":[{"embeddable":true,"href":"https:\/\/grupotextil.es\/ca\/wp-json\/wp\/v2\/media\/427943"}],"wp:attachment":[{"href":"https:\/\/grupotextil.es\/ca\/wp-json\/wp\/v2\/media?parent=402074"}],"wp:term":[{"taxonomy":"product_brand","embeddable":true,"href":"https:\/\/grupotextil.es\/ca\/wp-json\/wp\/v2\/product_brand?post=402074"},{"taxonomy":"product_cat","embeddable":true,"href":"https:\/\/grupotextil.es\/ca\/wp-json\/wp\/v2\/product_cat?post=402074"},{"taxonomy":"product_tag","embeddable":true,"href":"https:\/\/grupotextil.es\/ca\/wp-json\/wp\/v2\/product_tag?post=402074"}],"curies":[{"name":"wp","href":"https:\/\/api.w.org\/{rel}","templated":true}]}}