{"id":402134,"date":"2026-03-08T05:35:59","date_gmt":"2026-03-08T04:35:59","guid":{"rendered":"https:\/\/grupotextil.es\/producto\/bolsa-de-algodon-comercio-justo\/"},"modified":"2026-03-08T05:35:59","modified_gmt":"2026-03-08T04:35:59","slug":"bolsa-de-algodon-comercio-justo","status":"publish","type":"product","link":"https:\/\/grupotextil.es\/ca\/product\/bolsa-de-algodon-comercio-justo\/","title":{"rendered":"Bag Cotton Comercio Justo"},"content":{"rendered":"<ul>\n<li>407 g\/m\u00b2<\/li>\n<li>100% Algod\u00f3n (lona)<\/li>\n<li>Certificado de comercio justo<\/li>\n<li>Asas de algod\u00f3n<\/li>\n<li>Bolsillo interno con cremallera<\/li>\n<li>Se puede llevar en la mano o al hombro<\/li>\n<li>Etiqueta TearAway para facilitar el cambio de marca<\/li>\n<li>Capacidad: 20 Litros<\/li>\n<li>Medidas: 35 x 18 x 37 cm<\/li>\n<li>M\u00e1x. bordado: 22 aro tubular<\/li>\n<li>M\u00e1x. \u00e1rea de impresi\u00f3n: 30 x 32 cm<\/li>\n<\/ul>","protected":false},"excerpt":{"rendered":"<p>407 g\/m\u00b2100% Algod\u00f3n (lona)Certificado de comercio justoAsas de algod\u00f3nBolsillo interno con cremalleraSe puede llevar en la mano o al hombroEtiqueta TearAway para facilitar el cambio de marcaCapaci&#8230;<\/p>","protected":false},"featured_media":428008,"comment_status":"open","ping_status":"closed","template":"","meta":{"_acf_changed":false},"product_brand":[11680],"product_cat":[13954],"product_tag":[],"class_list":{"0":"post-402134","1":"product","2":"type-product","3":"status-publish","4":"has-post-thumbnail","6":"product_brand-westford-mill","7":"product_cat-acc-bolsas-y-mochilas","8":"tm-no-options","10":"first","11":"instock","12":"taxable","13":"shipping-taxable","14":"product-type-variable"},"acf":[],"_links":{"self":[{"href":"https:\/\/grupotextil.es\/ca\/wp-json\/wp\/v2\/product\/402134","targetHints":{"allow":["GET"]}}],"collection":[{"href":"https:\/\/grupotextil.es\/ca\/wp-json\/wp\/v2\/product"}],"about":[{"href":"https:\/\/grupotextil.es\/ca\/wp-json\/wp\/v2\/types\/product"}],"replies":[{"embeddable":true,"href":"https:\/\/grupotextil.es\/ca\/wp-json\/wp\/v2\/comments?post=402134"}],"wp:featuredmedia":[{"embeddable":true,"href":"https:\/\/grupotextil.es\/ca\/wp-json\/wp\/v2\/media\/428008"}],"wp:attachment":[{"href":"https:\/\/grupotextil.es\/ca\/wp-json\/wp\/v2\/media?parent=402134"}],"wp:term":[{"taxonomy":"product_brand","embeddable":true,"href":"https:\/\/grupotextil.es\/ca\/wp-json\/wp\/v2\/product_brand?post=402134"},{"taxonomy":"product_cat","embeddable":true,"href":"https:\/\/grupotextil.es\/ca\/wp-json\/wp\/v2\/product_cat?post=402134"},{"taxonomy":"product_tag","embeddable":true,"href":"https:\/\/grupotextil.es\/ca\/wp-json\/wp\/v2\/product_tag?post=402134"}],"curies":[{"name":"wp","href":"https:\/\/api.w.org\/{rel}","templated":true}]}}