{"id":402146,"date":"2026-03-08T05:35:59","date_gmt":"2026-03-08T04:35:59","guid":{"rendered":"https:\/\/grupotextil.es\/producto\/chaqueta-stormdri\/"},"modified":"2026-03-08T05:35:59","modified_gmt":"2026-03-08T04:35:59","slug":"chaqueta-stormdri","status":"publish","type":"product","link":"https:\/\/grupotextil.es\/ca\/product\/chaqueta-stormdri\/","title":{"rendered":"Jacket Stormdri"},"content":{"rendered":"<ul>\n<li>210 g\/m\u00b2<\/li>\n<li>100% poli\u00e9ster con capa PVC<\/li>\n<li>Capucha el\u00e1stica integrada<\/li>\n<li>Cremallera entera con solapa protectora con corchetes<\/li>\n<li>Malla de ventilaci\u00f3n en la espalda<\/li>\n<li>2 bolsillos frontales<\/li>\n<li>Resistente al viento e impermeable (2.000 mm)<\/li>\n<li>Costuras totalmente selladas<\/li>\n<li>Bajo con cord\u00f3n ajustable<\/li>\n<li>Pu\u00f1os el\u00e1sticos en el interior<\/li>\n<\/ul>","protected":false},"excerpt":{"rendered":"<p>210 g\/m\u00b2100% poli\u00e9ster con capa PVCCapucha el\u00e1stica integradaCremallera entera con solapa protectora con corchetesMalla de ventilaci\u00f3n en la espalda2 bolsillos frontalesResistente al viento e imper&#8230;<\/p>","protected":false},"featured_media":428029,"comment_status":"open","ping_status":"closed","template":"","meta":{"_acf_changed":false},"product_brand":[11669],"product_cat":[13954],"product_tag":[],"class_list":{"0":"post-402146","1":"product","2":"type-product","3":"status-publish","4":"has-post-thumbnail","6":"product_brand-result","7":"product_cat-acc-bolsas-y-mochilas","8":"tm-no-options","10":"first","11":"instock","12":"taxable","13":"shipping-taxable","14":"product-type-variable"},"acf":[],"_links":{"self":[{"href":"https:\/\/grupotextil.es\/ca\/wp-json\/wp\/v2\/product\/402146","targetHints":{"allow":["GET"]}}],"collection":[{"href":"https:\/\/grupotextil.es\/ca\/wp-json\/wp\/v2\/product"}],"about":[{"href":"https:\/\/grupotextil.es\/ca\/wp-json\/wp\/v2\/types\/product"}],"replies":[{"embeddable":true,"href":"https:\/\/grupotextil.es\/ca\/wp-json\/wp\/v2\/comments?post=402146"}],"wp:featuredmedia":[{"embeddable":true,"href":"https:\/\/grupotextil.es\/ca\/wp-json\/wp\/v2\/media\/428029"}],"wp:attachment":[{"href":"https:\/\/grupotextil.es\/ca\/wp-json\/wp\/v2\/media?parent=402146"}],"wp:term":[{"taxonomy":"product_brand","embeddable":true,"href":"https:\/\/grupotextil.es\/ca\/wp-json\/wp\/v2\/product_brand?post=402146"},{"taxonomy":"product_cat","embeddable":true,"href":"https:\/\/grupotextil.es\/ca\/wp-json\/wp\/v2\/product_cat?post=402146"},{"taxonomy":"product_tag","embeddable":true,"href":"https:\/\/grupotextil.es\/ca\/wp-json\/wp\/v2\/product_tag?post=402146"}],"curies":[{"name":"wp","href":"https:\/\/api.w.org\/{rel}","templated":true}]}}