{"id":402184,"date":"2026-03-08T05:36:01","date_gmt":"2026-03-08T04:36:01","guid":{"rendered":"https:\/\/grupotextil.es\/producto\/sacos-de-malla-de-algodon-organico\/"},"modified":"2026-03-08T05:36:01","modified_gmt":"2026-03-08T04:36:01","slug":"sacos-de-malla-de-algodon-organico","status":"publish","type":"product","link":"https:\/\/grupotextil.es\/ca\/product\/sacos-de-malla-de-algodon-organico\/","title":{"rendered":"Sacos de malla de algod\u00f3n org\u00e1nico"},"content":{"rendered":"<ul>\n<li>100% Algod\u00f3n (Org\u00e1nico)<\/li>\n<li>Alimentos seguros<\/li>\n<li>Cierre de cord\u00f3n<\/li>\n<li>Multiusos<\/li>\n<li>Panel frontal de algod\u00f3n dise\u00f1ado para una f\u00e1cil decoraci\u00f3n.<\/li>\n<li>Etiqueta CutAway para facilitar el cambio de marca<\/li>\n<li>Capacidad en litros: 0,2 (XS), 0,4 (S), 0,9 (M), 1,4 (L)<\/li>\n<li>Dimensiones en cm: 17&#215;17 (XS), 23&#215;23 (S), 32&#215;32 (M), 44&#215;38 (L)<\/li>\n<li>M\u00e1x. \u00e1rea de impresi\u00f3n en cm: 11&#215;7,5 para todos los tama\u00f1os<\/li>\n<\/ul>","protected":false},"excerpt":{"rendered":"<p>100% Algod\u00f3n (Org\u00e1nico)Alimentos segurosCierre de cord\u00f3nMultiusosPanel frontal de algod\u00f3n dise\u00f1ado para una f\u00e1cil decoraci\u00f3n.<\/p>","protected":false},"featured_media":428064,"comment_status":"open","ping_status":"closed","template":"","meta":{"_acf_changed":false},"product_brand":[11680],"product_cat":[13954],"product_tag":[],"class_list":{"0":"post-402184","1":"product","2":"type-product","3":"status-publish","4":"has-post-thumbnail","6":"product_brand-westford-mill","7":"product_cat-acc-bolsas-y-mochilas","8":"tm-no-options","10":"first","11":"instock","12":"taxable","13":"shipping-taxable","14":"product-type-variable"},"acf":[],"_links":{"self":[{"href":"https:\/\/grupotextil.es\/ca\/wp-json\/wp\/v2\/product\/402184","targetHints":{"allow":["GET"]}}],"collection":[{"href":"https:\/\/grupotextil.es\/ca\/wp-json\/wp\/v2\/product"}],"about":[{"href":"https:\/\/grupotextil.es\/ca\/wp-json\/wp\/v2\/types\/product"}],"replies":[{"embeddable":true,"href":"https:\/\/grupotextil.es\/ca\/wp-json\/wp\/v2\/comments?post=402184"}],"wp:featuredmedia":[{"embeddable":true,"href":"https:\/\/grupotextil.es\/ca\/wp-json\/wp\/v2\/media\/428064"}],"wp:attachment":[{"href":"https:\/\/grupotextil.es\/ca\/wp-json\/wp\/v2\/media?parent=402184"}],"wp:term":[{"taxonomy":"product_brand","embeddable":true,"href":"https:\/\/grupotextil.es\/ca\/wp-json\/wp\/v2\/product_brand?post=402184"},{"taxonomy":"product_cat","embeddable":true,"href":"https:\/\/grupotextil.es\/ca\/wp-json\/wp\/v2\/product_cat?post=402184"},{"taxonomy":"product_tag","embeddable":true,"href":"https:\/\/grupotextil.es\/ca\/wp-json\/wp\/v2\/product_tag?post=402184"}],"curies":[{"name":"wp","href":"https:\/\/api.w.org\/{rel}","templated":true}]}}