{"id":402189,"date":"2026-03-08T05:36:02","date_gmt":"2026-03-08T04:36:02","guid":{"rendered":"https:\/\/grupotextil.es\/producto\/correa-de-llaves\/"},"modified":"2026-03-08T05:36:02","modified_gmt":"2026-03-08T04:36:02","slug":"correa-de-llaves","status":"publish","type":"product","link":"https:\/\/grupotextil.es\/ca\/product\/correa-de-llaves\/","title":{"rendered":"Correa de llaves"},"content":{"rendered":"<ul>\n<li>100% poli\u00e9ster<\/li>\n<li>Correa amplia y cierre resistente<\/li>\n<li>Dise\u00f1ado para decorar<\/li>\n<li>Medidas: 2.5 x 20.5 cm<\/li>\n<li>Max. \u00c1rea de impresi\u00f3n: 1.5 x 12.5 cm<\/li>\n<\/ul>","protected":false},"excerpt":{"rendered":"<p>100% poli\u00e9sterCorrea amplia y cierre resistenteDise\u00f1ado para decorarMedidas: 2.5 x 20.5 cmMax. \u00c1rea de impresi\u00f3n: 1.<\/p>","protected":false},"featured_media":428073,"comment_status":"open","ping_status":"closed","template":"","meta":{"_acf_changed":false},"product_brand":[11668],"product_cat":[13954],"product_tag":[],"class_list":{"0":"post-402189","1":"product","2":"type-product","3":"status-publish","4":"has-post-thumbnail","6":"product_brand-bag-base","7":"product_cat-acc-bolsas-y-mochilas","8":"tm-no-options","10":"first","11":"instock","12":"taxable","13":"shipping-taxable","14":"product-type-variable"},"acf":[],"_links":{"self":[{"href":"https:\/\/grupotextil.es\/ca\/wp-json\/wp\/v2\/product\/402189","targetHints":{"allow":["GET"]}}],"collection":[{"href":"https:\/\/grupotextil.es\/ca\/wp-json\/wp\/v2\/product"}],"about":[{"href":"https:\/\/grupotextil.es\/ca\/wp-json\/wp\/v2\/types\/product"}],"replies":[{"embeddable":true,"href":"https:\/\/grupotextil.es\/ca\/wp-json\/wp\/v2\/comments?post=402189"}],"wp:featuredmedia":[{"embeddable":true,"href":"https:\/\/grupotextil.es\/ca\/wp-json\/wp\/v2\/media\/428073"}],"wp:attachment":[{"href":"https:\/\/grupotextil.es\/ca\/wp-json\/wp\/v2\/media?parent=402189"}],"wp:term":[{"taxonomy":"product_brand","embeddable":true,"href":"https:\/\/grupotextil.es\/ca\/wp-json\/wp\/v2\/product_brand?post=402189"},{"taxonomy":"product_cat","embeddable":true,"href":"https:\/\/grupotextil.es\/ca\/wp-json\/wp\/v2\/product_cat?post=402189"},{"taxonomy":"product_tag","embeddable":true,"href":"https:\/\/grupotextil.es\/ca\/wp-json\/wp\/v2\/product_tag?post=402189"}],"curies":[{"name":"wp","href":"https:\/\/api.w.org\/{rel}","templated":true}]}}