{"id":402241,"date":"2026-03-08T05:36:10","date_gmt":"2026-03-08T04:36:10","guid":{"rendered":"https:\/\/grupotextil.es\/producto\/chaqueta-sormdri-nino\/"},"modified":"2026-03-08T05:36:10","modified_gmt":"2026-03-08T04:36:10","slug":"chaqueta-sormdri-nino","status":"publish","type":"product","link":"https:\/\/grupotextil.es\/ca\/product\/chaqueta-sormdri-nino\/","title":{"rendered":"Jacket Sormdri Kids"},"content":{"rendered":"<ul>\n<li>200 g\/m\u00b2<\/li>\n<li>100% poli\u00e9ster con capa de PVC<\/li>\n<li>Capucha el\u00e1stica integrada<\/li>\n<li>Cremallera entera, solapa protectora exterior con corchetes<\/li>\n<li>Malla de ventilaci\u00f3n en la espalda<\/li>\n<li>2 bolsillos frontales<\/li>\n<li>Costuras totalmente selladas (impermeable 2.000 mm)<\/li>\n<li>Bajo con cord\u00f3n ajustable<\/li>\n<li>Banda reflectante en pu\u00f1os exteriores, pu\u00f1os el\u00e1sticos en interior<\/li>\n<li>Apropiado para impresi\u00f3n directa y transfer digital.<\/li>\n<li>DESCATALOGADO: Este modelo se retira de la colecci\u00f3n de Falk&amp;Ross (todav\u00eda aparece en el porfolio de la marca).<\/li>\n<\/ul>","protected":false},"excerpt":{"rendered":"<p>200 g\/m\u00b2100% poli\u00e9ster con capa de PVCCapucha el\u00e1stica integradaCremallera entera, solapa protectora exterior con corchetesMalla de ventilaci\u00f3n en la espalda2 bolsillos frontalesCosturas totalmente&#8230;<\/p>","protected":false},"featured_media":428139,"comment_status":"open","ping_status":"closed","template":"","meta":{"_acf_changed":false},"product_brand":[11669],"product_cat":[13954],"product_tag":[],"class_list":{"0":"post-402241","1":"product","2":"type-product","3":"status-publish","4":"has-post-thumbnail","6":"product_brand-result","7":"product_cat-acc-bolsas-y-mochilas","8":"tm-no-options","10":"first","11":"instock","12":"taxable","13":"shipping-taxable","14":"product-type-variable"},"acf":[],"_links":{"self":[{"href":"https:\/\/grupotextil.es\/ca\/wp-json\/wp\/v2\/product\/402241","targetHints":{"allow":["GET"]}}],"collection":[{"href":"https:\/\/grupotextil.es\/ca\/wp-json\/wp\/v2\/product"}],"about":[{"href":"https:\/\/grupotextil.es\/ca\/wp-json\/wp\/v2\/types\/product"}],"replies":[{"embeddable":true,"href":"https:\/\/grupotextil.es\/ca\/wp-json\/wp\/v2\/comments?post=402241"}],"wp:featuredmedia":[{"embeddable":true,"href":"https:\/\/grupotextil.es\/ca\/wp-json\/wp\/v2\/media\/428139"}],"wp:attachment":[{"href":"https:\/\/grupotextil.es\/ca\/wp-json\/wp\/v2\/media?parent=402241"}],"wp:term":[{"taxonomy":"product_brand","embeddable":true,"href":"https:\/\/grupotextil.es\/ca\/wp-json\/wp\/v2\/product_brand?post=402241"},{"taxonomy":"product_cat","embeddable":true,"href":"https:\/\/grupotextil.es\/ca\/wp-json\/wp\/v2\/product_cat?post=402241"},{"taxonomy":"product_tag","embeddable":true,"href":"https:\/\/grupotextil.es\/ca\/wp-json\/wp\/v2\/product_tag?post=402241"}],"curies":[{"name":"wp","href":"https:\/\/api.w.org\/{rel}","templated":true}]}}