{"id":402254,"date":"2026-03-08T05:36:11","date_gmt":"2026-03-08T04:36:11","guid":{"rendered":"https:\/\/grupotextil.es\/producto\/polo-fluo-2-tonos\/"},"modified":"2026-03-08T05:36:11","modified_gmt":"2026-03-08T04:36:11","slug":"polo-fluo-2-tonos","status":"publish","type":"product","link":"https:\/\/grupotextil.es\/ca\/product\/polo-fluo-2-tonos\/","title":{"rendered":"Polo Fluo 2 tonos"},"content":{"rendered":"<ul>\n<li>120 g\/m\u00b2<\/li>\n<li>100% poli\u00e9ster<\/li>\n<li>Tejido piqu\u00e9 Aircool: transpirable, secado r\u00e1pido y agradable al tacto<\/li>\n<li>Retenci\u00f3n de la forma<\/li>\n<li>Tapeta de 3 botones<\/li>\n<li>2 cintas reflectantes alrededor del cuerpo<\/li>\n<li>Contraste azul marino en hombros, cuello, pu\u00f1os y dobladillo<\/li>\n<li>Aberturas laterales<\/li>\n<li>Lavable a m\u00e1quina, no necesita planchado<\/li>\n<li>Normativa EN ISO 20471 (Orange\/ Navy tambi\u00e9n cumple con RIS-3279-TOM)<\/li>\n<\/ul>","protected":false},"excerpt":{"rendered":"<p>120 g\/m\u00b2100% poli\u00e9sterTejido piqu\u00e9 Aircool: transpirable, secado r\u00e1pido y agradable al tactoRetenci\u00f3n de la formaTapeta de 3 botones2 cintas reflectantes alrededor del cuerpoContraste azul marino en h<\/p>","protected":false},"featured_media":428159,"comment_status":"open","ping_status":"closed","template":"","meta":{"_acf_changed":false},"product_brand":[11663],"product_cat":[13954],"product_tag":[],"class_list":{"0":"post-402254","1":"product","2":"type-product","3":"status-publish","4":"has-post-thumbnail","6":"product_brand-yoko","7":"product_cat-acc-bolsas-y-mochilas","8":"tm-no-options","10":"first","11":"instock","12":"taxable","13":"shipping-taxable","14":"product-type-variable"},"acf":[],"_links":{"self":[{"href":"https:\/\/grupotextil.es\/ca\/wp-json\/wp\/v2\/product\/402254","targetHints":{"allow":["GET"]}}],"collection":[{"href":"https:\/\/grupotextil.es\/ca\/wp-json\/wp\/v2\/product"}],"about":[{"href":"https:\/\/grupotextil.es\/ca\/wp-json\/wp\/v2\/types\/product"}],"replies":[{"embeddable":true,"href":"https:\/\/grupotextil.es\/ca\/wp-json\/wp\/v2\/comments?post=402254"}],"wp:featuredmedia":[{"embeddable":true,"href":"https:\/\/grupotextil.es\/ca\/wp-json\/wp\/v2\/media\/428159"}],"wp:attachment":[{"href":"https:\/\/grupotextil.es\/ca\/wp-json\/wp\/v2\/media?parent=402254"}],"wp:term":[{"taxonomy":"product_brand","embeddable":true,"href":"https:\/\/grupotextil.es\/ca\/wp-json\/wp\/v2\/product_brand?post=402254"},{"taxonomy":"product_cat","embeddable":true,"href":"https:\/\/grupotextil.es\/ca\/wp-json\/wp\/v2\/product_cat?post=402254"},{"taxonomy":"product_tag","embeddable":true,"href":"https:\/\/grupotextil.es\/ca\/wp-json\/wp\/v2\/product_tag?post=402254"}],"curies":[{"name":"wp","href":"https:\/\/api.w.org\/{rel}","templated":true}]}}