{"id":402267,"date":"2026-03-08T05:36:12","date_gmt":"2026-03-08T04:36:12","guid":{"rendered":"https:\/\/grupotextil.es\/producto\/bolsa-algodon-organico-inco\/"},"modified":"2026-03-08T05:36:12","modified_gmt":"2026-03-08T04:36:12","slug":"bolsa-algodon-organico-inco","status":"publish","type":"product","link":"https:\/\/grupotextil.es\/ca\/product\/bolsa-algodon-organico-inco\/","title":{"rendered":"Bag algod\u00f3n org\u00e1nico Inco."},"content":{"rendered":"<ul>\n<li>140 g\/m\u00b2<\/li>\n<li>100% Algod\u00f3n (certificado Org\u00e1nico u Org\u00e1nico En Conversi\u00f3n)<\/li>\n<li>Asas de transporte (longitud: 67cm)<\/li>\n<li>Se puede llevar en la mano o al hombro<\/li>\n<li>Etiqueta extra\u00edble para facilitar el cambio de marca<\/li>\n<li>Capacidad: 10 Litros<\/li>\n<li>Dimensiones: 38x42cm<\/li>\n<li>M\u00e1x. bordado: aro de 18 tubulares<\/li>\n<li>M\u00e1x. \u00e1rea de impresi\u00f3n: 33&#215;36 cm.<\/li>\n<\/ul>","protected":false},"excerpt":{"rendered":"<p>140 g\/m\u00b2100% Algod\u00f3n (certificado Org\u00e1nico u Org\u00e1nico En Conversi\u00f3n)Asas de transporte (longitud: 67cm)Se puede llevar en la mano o al hombroEtiqueta extra\u00edble para facilitar el cambio de marcaCapa&#8230;<\/p>","protected":false},"featured_media":428162,"comment_status":"open","ping_status":"closed","template":"","meta":{"_acf_changed":false},"product_brand":[11680],"product_cat":[13954,13974,13930,13975,13973],"product_tag":[],"class_list":{"0":"post-402267","1":"product","2":"type-product","3":"status-publish","4":"has-post-thumbnail","6":"product_brand-westford-mill","7":"product_cat-acc-bolsas-y-mochilas","8":"product_cat-ropa-hombre","9":"product_cat-laboral","10":"product_cat-ropa-mujer","11":"product_cat-ropa","12":"tm-no-options","14":"first","15":"instock","16":"taxable","17":"shipping-taxable","18":"product-type-variable"},"acf":[],"_links":{"self":[{"href":"https:\/\/grupotextil.es\/ca\/wp-json\/wp\/v2\/product\/402267","targetHints":{"allow":["GET"]}}],"collection":[{"href":"https:\/\/grupotextil.es\/ca\/wp-json\/wp\/v2\/product"}],"about":[{"href":"https:\/\/grupotextil.es\/ca\/wp-json\/wp\/v2\/types\/product"}],"replies":[{"embeddable":true,"href":"https:\/\/grupotextil.es\/ca\/wp-json\/wp\/v2\/comments?post=402267"}],"wp:featuredmedia":[{"embeddable":true,"href":"https:\/\/grupotextil.es\/ca\/wp-json\/wp\/v2\/media\/428162"}],"wp:attachment":[{"href":"https:\/\/grupotextil.es\/ca\/wp-json\/wp\/v2\/media?parent=402267"}],"wp:term":[{"taxonomy":"product_brand","embeddable":true,"href":"https:\/\/grupotextil.es\/ca\/wp-json\/wp\/v2\/product_brand?post=402267"},{"taxonomy":"product_cat","embeddable":true,"href":"https:\/\/grupotextil.es\/ca\/wp-json\/wp\/v2\/product_cat?post=402267"},{"taxonomy":"product_tag","embeddable":true,"href":"https:\/\/grupotextil.es\/ca\/wp-json\/wp\/v2\/product_tag?post=402267"}],"curies":[{"name":"wp","href":"https:\/\/api.w.org\/{rel}","templated":true}]}}