{"id":402316,"date":"2026-03-08T05:36:15","date_gmt":"2026-03-08T04:36:15","guid":{"rendered":"https:\/\/grupotextil.es\/producto\/mochila-de-cuerdas-reflectante\/"},"modified":"2026-03-08T05:36:15","modified_gmt":"2026-03-08T04:36:15","slug":"mochila-de-cuerdas-reflectante","status":"publish","type":"product","link":"https:\/\/grupotextil.es\/ca\/product\/mochila-de-cuerdas-reflectante\/","title":{"rendered":"Mochila de cuerdas reflectante"},"content":{"rendered":"<ul>\n<li>85% poli\u00e9ster, 15% algod\u00f3n<\/li>\n<li>Ligero pero resistente<\/li>\n<li>Revestimiento reflectante para una mayor visibilidad<\/li>\n<li>Asas de cord\u00f3n para facilitar el acceso a la decoraci\u00f3n<\/li>\n<li>Bolsillo exterior con cremallera<\/li>\n<li>Cord\u00f3n de cierre grueso<\/li>\n<li>Etiqueta extra\u00edble para facilitar el rebranding<\/li>\n<li>Capacidad: 15 litros<\/li>\n<li>Medidas: 48 x 40 cm<\/li>\n<li>Max. bordado: aro tubular 18<\/li>\n<li>Max. \u00c1rea de impresi\u00f3n: 36 x 26 cm<\/li>\n<\/ul>","protected":false},"excerpt":{"rendered":"<p>85% poli\u00e9ster, 15% algod\u00f3nLigero pero resistenteRevestimiento reflectante para una mayor visibilidadAsas de cord\u00f3n para facilitar el acceso a la decoraci\u00f3nBolsillo exterior con cremalleraCord\u00f3n de &#8230;<\/p>","protected":false},"featured_media":428214,"comment_status":"open","ping_status":"closed","template":"","meta":{"_acf_changed":false},"product_brand":[11668],"product_cat":[13954,13974,13930,13975,13973],"product_tag":[],"class_list":{"0":"post-402316","1":"product","2":"type-product","3":"status-publish","4":"has-post-thumbnail","6":"product_brand-bag-base","7":"product_cat-acc-bolsas-y-mochilas","8":"product_cat-ropa-hombre","9":"product_cat-laboral","10":"product_cat-ropa-mujer","11":"product_cat-ropa","12":"tm-no-options","14":"first","15":"instock","16":"taxable","17":"shipping-taxable","18":"product-type-variable"},"acf":[],"_links":{"self":[{"href":"https:\/\/grupotextil.es\/ca\/wp-json\/wp\/v2\/product\/402316","targetHints":{"allow":["GET"]}}],"collection":[{"href":"https:\/\/grupotextil.es\/ca\/wp-json\/wp\/v2\/product"}],"about":[{"href":"https:\/\/grupotextil.es\/ca\/wp-json\/wp\/v2\/types\/product"}],"replies":[{"embeddable":true,"href":"https:\/\/grupotextil.es\/ca\/wp-json\/wp\/v2\/comments?post=402316"}],"wp:featuredmedia":[{"embeddable":true,"href":"https:\/\/grupotextil.es\/ca\/wp-json\/wp\/v2\/media\/428214"}],"wp:attachment":[{"href":"https:\/\/grupotextil.es\/ca\/wp-json\/wp\/v2\/media?parent=402316"}],"wp:term":[{"taxonomy":"product_brand","embeddable":true,"href":"https:\/\/grupotextil.es\/ca\/wp-json\/wp\/v2\/product_brand?post=402316"},{"taxonomy":"product_cat","embeddable":true,"href":"https:\/\/grupotextil.es\/ca\/wp-json\/wp\/v2\/product_cat?post=402316"},{"taxonomy":"product_tag","embeddable":true,"href":"https:\/\/grupotextil.es\/ca\/wp-json\/wp\/v2\/product_tag?post=402316"}],"curies":[{"name":"wp","href":"https:\/\/api.w.org\/{rel}","templated":true}]}}