{"id":402319,"date":"2026-03-08T05:36:15","date_gmt":"2026-03-08T04:36:15","guid":{"rendered":"https:\/\/grupotextil.es\/producto\/pantalon-corto-cargo\/"},"modified":"2026-03-08T05:36:15","modified_gmt":"2026-03-08T04:36:15","slug":"pantalon-corto-cargo","status":"publish","type":"product","link":"https:\/\/grupotextil.es\/ca\/product\/pantalon-corto-cargo\/","title":{"rendered":"Trouser corto Cargo"},"content":{"rendered":"<ul>\n<li>280 g\/m\u00b2<\/li>\n<li>80% poli\u00e9ster, 20% algod\u00f3n (sarga)<\/li>\n<li>EN ISO 20471: 2013, clase 1<\/li>\n<li>Muy resistente<\/li>\n<li>Cintura parcialmente el\u00e1stica con botones. Tiene trabillas<\/li>\n<li>Cremallera frontal y cierre con botones<\/li>\n<li>Bolsillos laterales de f\u00e1cil acceso, bolsillo interior con cremallera, bolsillo cargo y porta martillo<\/li>\n<li>Paneles negros<\/li>\n<li>Bandas reflectantes en las piernas<\/li>\n<li>Costuras reforzadas<\/li>\n<li>Corte comodo<\/li>\n<li>Etiqueta extra\u00edbl.<\/li>\n<\/ul>","protected":false},"excerpt":{"rendered":"<p>280 g\/m\u00b280% poli\u00e9ster, 20% algod\u00f3n (sarga)EN ISO 20471: 2013, clase 1Muy resistenteCintura parcialmente el\u00e1stica con botones. Tiene trabillasCremallera frontal y cierre con botonesBolsillos lateral&#8230;<\/p>","protected":false},"featured_media":428219,"comment_status":"open","ping_status":"closed","template":"","meta":{"_acf_changed":false},"product_brand":[11669],"product_cat":[13954,13974,13930,13975,13973],"product_tag":[],"class_list":{"0":"post-402319","1":"product","2":"type-product","3":"status-publish","4":"has-post-thumbnail","6":"product_brand-result","7":"product_cat-acc-bolsas-y-mochilas","8":"product_cat-ropa-hombre","9":"product_cat-laboral","10":"product_cat-ropa-mujer","11":"product_cat-ropa","12":"tm-no-options","14":"first","15":"instock","16":"taxable","17":"shipping-taxable","18":"product-type-variable"},"acf":[],"_links":{"self":[{"href":"https:\/\/grupotextil.es\/ca\/wp-json\/wp\/v2\/product\/402319","targetHints":{"allow":["GET"]}}],"collection":[{"href":"https:\/\/grupotextil.es\/ca\/wp-json\/wp\/v2\/product"}],"about":[{"href":"https:\/\/grupotextil.es\/ca\/wp-json\/wp\/v2\/types\/product"}],"replies":[{"embeddable":true,"href":"https:\/\/grupotextil.es\/ca\/wp-json\/wp\/v2\/comments?post=402319"}],"wp:featuredmedia":[{"embeddable":true,"href":"https:\/\/grupotextil.es\/ca\/wp-json\/wp\/v2\/media\/428219"}],"wp:attachment":[{"href":"https:\/\/grupotextil.es\/ca\/wp-json\/wp\/v2\/media?parent=402319"}],"wp:term":[{"taxonomy":"product_brand","embeddable":true,"href":"https:\/\/grupotextil.es\/ca\/wp-json\/wp\/v2\/product_brand?post=402319"},{"taxonomy":"product_cat","embeddable":true,"href":"https:\/\/grupotextil.es\/ca\/wp-json\/wp\/v2\/product_cat?post=402319"},{"taxonomy":"product_tag","embeddable":true,"href":"https:\/\/grupotextil.es\/ca\/wp-json\/wp\/v2\/product_tag?post=402319"}],"curies":[{"name":"wp","href":"https:\/\/api.w.org\/{rel}","templated":true}]}}