{"id":402436,"date":"2026-03-08T05:37:37","date_gmt":"2026-03-08T04:37:37","guid":{"rendered":"https:\/\/grupotextil.es\/producto\/micropolar-hoodi-mujer\/"},"modified":"2026-03-08T05:37:37","modified_gmt":"2026-03-08T04:37:37","slug":"micropolar-hoodi-mujer","status":"publish","type":"product","link":"https:\/\/grupotextil.es\/ca\/product\/micropolar-hoodi-mujer\/","title":{"rendered":"Micropolar Hoodi mujer"},"content":{"rendered":"<ul>\n<li>180 g\/m\u00b2<\/li>\n<li>100% poli\u00e9ster<\/li>\n<li>Tela el\u00e1stica<\/li>\n<li>Secado r\u00e1pido<\/li>\n<li>Capucha de doble capa<\/li>\n<li>Capucha, pu\u00f1os y dobladillo c\u00f3modos y suaves<\/li>\n<li>Cremallera completa con protector de barbilla.<\/li>\n<li>Bolsillos laterales<\/li>\n<li>Detalle de la puntada superior<\/li>\n<li>Costuras ergon\u00f3micas<\/li>\n<li>Ajuste entallado<\/li>\n<\/ul>","protected":false},"excerpt":{"rendered":"<p>180 g\/m\u00b2100% poli\u00e9sterTela el\u00e1sticaSecado r\u00e1pidoCapucha de doble capaCapucha, pu\u00f1os y dobladillo c\u00f3modos y suavesCremallera completa con protector de barbilla.<\/p>","protected":false},"featured_media":428250,"comment_status":"open","ping_status":"closed","template":"","meta":{"_acf_changed":false},"product_brand":[11669],"product_cat":[13954,13974,13930,13975,13973],"product_tag":[],"class_list":{"0":"post-402436","1":"product","2":"type-product","3":"status-publish","4":"has-post-thumbnail","6":"product_brand-result","7":"product_cat-acc-bolsas-y-mochilas","8":"product_cat-ropa-hombre","9":"product_cat-laboral","10":"product_cat-ropa-mujer","11":"product_cat-ropa","12":"tm-no-options","14":"first","15":"instock","16":"taxable","17":"shipping-taxable","18":"product-type-variable"},"acf":[],"_links":{"self":[{"href":"https:\/\/grupotextil.es\/ca\/wp-json\/wp\/v2\/product\/402436","targetHints":{"allow":["GET"]}}],"collection":[{"href":"https:\/\/grupotextil.es\/ca\/wp-json\/wp\/v2\/product"}],"about":[{"href":"https:\/\/grupotextil.es\/ca\/wp-json\/wp\/v2\/types\/product"}],"replies":[{"embeddable":true,"href":"https:\/\/grupotextil.es\/ca\/wp-json\/wp\/v2\/comments?post=402436"}],"wp:featuredmedia":[{"embeddable":true,"href":"https:\/\/grupotextil.es\/ca\/wp-json\/wp\/v2\/media\/428250"}],"wp:attachment":[{"href":"https:\/\/grupotextil.es\/ca\/wp-json\/wp\/v2\/media?parent=402436"}],"wp:term":[{"taxonomy":"product_brand","embeddable":true,"href":"https:\/\/grupotextil.es\/ca\/wp-json\/wp\/v2\/product_brand?post=402436"},{"taxonomy":"product_cat","embeddable":true,"href":"https:\/\/grupotextil.es\/ca\/wp-json\/wp\/v2\/product_cat?post=402436"},{"taxonomy":"product_tag","embeddable":true,"href":"https:\/\/grupotextil.es\/ca\/wp-json\/wp\/v2\/product_tag?post=402436"}],"curies":[{"name":"wp","href":"https:\/\/api.w.org\/{rel}","templated":true}]}}