{"id":402503,"date":"2026-03-08T05:37:42","date_gmt":"2026-03-08T04:37:42","guid":{"rendered":"https:\/\/grupotextil.es\/producto\/mochila-active-outdoor-30-litros\/"},"modified":"2026-03-08T05:37:42","modified_gmt":"2026-03-08T04:37:42","slug":"mochila-active-outdoor-30-litros","status":"publish","type":"product","link":"https:\/\/grupotextil.es\/ca\/product\/mochila-active-outdoor-30-litros\/","title":{"rendered":"Mochila Active Outdoor 30 litros"},"content":{"rendered":"<ul>\n<li>254 g\/m\u00b2<\/li>\n<li>100 % poli\u00e9ster (reciclado, 300 D Ripstop), 100 % poli\u00e9ster (reciclado, 500 D)<\/li>\n<li>Contiene 100 % poli\u00e9ster reciclado certificado GRS (certificado por Control Union CU811033)<\/li>\n<li>Tejido de poli\u00e9ster Cordura\u00ae para mayor resistencia y durabilidad<\/li>\n<li>Recubrimiento repelente al agua libre de PFAS<\/li>\n<li>Compatible con bolsa de hidrataci\u00f3n<\/li>\n<li>Bolsillo superior con cremallera para objetos de valor<\/li>\n<li>Bolsillos laterales el\u00e1sticos<\/li>\n<li>Panel trasero acolchado de malla de aire<\/li>\n<li>Funda impermeable integrada de alta visibilidad de poli\u00e9ster 190T<\/li>\n<li>Lazos de sujeci\u00f3n multiusos<\/li>\n<li>Correas de hombro acolchadas y ajustables de malla de aire<\/li>\n<li>Correas de compresi\u00f3n de doble cara<\/li>\n<li>Asa de mano<\/li>\n<li>Anclajes para bastones de senderismo<\/li>\n<li>Etiqueta extra\u00edble para facilitar el cambio de marca<\/li>\n<li>Capacidad: 30 litros<\/li>\n<li>Dimensiones: 30 x 54 x 22 cm<\/li>\n<\/ul>","protected":false},"excerpt":{"rendered":"<p>254 g\/m\u00b2100 % poli\u00e9ster (reciclado, 300 D Ripstop), 100 % poli\u00e9ster (reciclado, 500 D)Contiene 100 % poli\u00e9ster reciclado certificado GRS (certificado por Control Union CU811033)Tejido de poli\u00e9ster Cor<\/p>","protected":false},"featured_media":428303,"comment_status":"open","ping_status":"closed","template":"","meta":{"_acf_changed":false},"product_brand":[11657],"product_cat":[13954,13974,13930,13975,13973],"product_tag":[14010],"class_list":{"0":"post-402503","1":"product","2":"type-product","3":"status-publish","4":"has-post-thumbnail","6":"product_brand-quadra","7":"product_cat-acc-bolsas-y-mochilas","8":"product_cat-ropa-hombre","9":"product_cat-laboral","10":"product_cat-ropa-mujer","11":"product_cat-ropa","12":"product_tag-nuevo-2026","13":"tm-no-options","15":"first","16":"instock","17":"taxable","18":"shipping-taxable","19":"product-type-variable"},"acf":[],"_links":{"self":[{"href":"https:\/\/grupotextil.es\/ca\/wp-json\/wp\/v2\/product\/402503","targetHints":{"allow":["GET"]}}],"collection":[{"href":"https:\/\/grupotextil.es\/ca\/wp-json\/wp\/v2\/product"}],"about":[{"href":"https:\/\/grupotextil.es\/ca\/wp-json\/wp\/v2\/types\/product"}],"replies":[{"embeddable":true,"href":"https:\/\/grupotextil.es\/ca\/wp-json\/wp\/v2\/comments?post=402503"}],"wp:featuredmedia":[{"embeddable":true,"href":"https:\/\/grupotextil.es\/ca\/wp-json\/wp\/v2\/media\/428303"}],"wp:attachment":[{"href":"https:\/\/grupotextil.es\/ca\/wp-json\/wp\/v2\/media?parent=402503"}],"wp:term":[{"taxonomy":"product_brand","embeddable":true,"href":"https:\/\/grupotextil.es\/ca\/wp-json\/wp\/v2\/product_brand?post=402503"},{"taxonomy":"product_cat","embeddable":true,"href":"https:\/\/grupotextil.es\/ca\/wp-json\/wp\/v2\/product_cat?post=402503"},{"taxonomy":"product_tag","embeddable":true,"href":"https:\/\/grupotextil.es\/ca\/wp-json\/wp\/v2\/product_tag?post=402503"}],"curies":[{"name":"wp","href":"https:\/\/api.w.org\/{rel}","templated":true}]}}