{"id":402602,"date":"2026-03-08T05:37:47","date_gmt":"2026-03-08T04:37:47","guid":{"rendered":"https:\/\/grupotextil.es\/producto\/chaqueta-chef-unisex\/"},"modified":"2026-03-08T05:37:47","modified_gmt":"2026-03-08T04:37:47","slug":"chaqueta-chef-unisex","status":"publish","type":"product","link":"https:\/\/grupotextil.es\/ca\/product\/chaqueta-chef-unisex\/","title":{"rendered":"Jacket Chef Unisex"},"content":{"rendered":"<ul>\n<li>215 g\/m\u00b2<\/li>\n<li>65% poli\u00e9ster, 35% algod\u00f3n<\/li>\n<li>Corte unisex<\/li>\n<li>Bolsillo frontal izquierdo<\/li>\n<li>Pu\u00f1os con corte<\/li>\n<li>Chaqueta con doble hilera con 10 corchetes<\/li>\n<li>Lavable a 60\u00b0C<\/li>\n<\/ul>","protected":false},"excerpt":{"rendered":"<p>215 g\/m\u00b265% poli\u00e9ster, 35% algod\u00f3nCorte unisexBolsillo frontal izquierdoPu\u00f1os con corteChaqueta con doble hilera con 10 corchetesLavable a 60\u00b0C<\/p>","protected":false},"featured_media":428370,"comment_status":"open","ping_status":"closed","template":"","meta":{"_acf_changed":false},"product_brand":[11673],"product_cat":[13954,13974,13930,13975,13973],"product_tag":[14009],"class_list":{"0":"post-402602","1":"product","2":"type-product","3":"status-publish","4":"has-post-thumbnail","6":"product_brand-karlowsky","7":"product_cat-acc-bolsas-y-mochilas","8":"product_cat-ropa-hombre","9":"product_cat-laboral","10":"product_cat-ropa-mujer","11":"product_cat-ropa","12":"product_tag-top-ventas","13":"tm-no-options","15":"first","16":"instock","17":"taxable","18":"shipping-taxable","19":"product-type-variable"},"acf":[],"_links":{"self":[{"href":"https:\/\/grupotextil.es\/ca\/wp-json\/wp\/v2\/product\/402602","targetHints":{"allow":["GET"]}}],"collection":[{"href":"https:\/\/grupotextil.es\/ca\/wp-json\/wp\/v2\/product"}],"about":[{"href":"https:\/\/grupotextil.es\/ca\/wp-json\/wp\/v2\/types\/product"}],"replies":[{"embeddable":true,"href":"https:\/\/grupotextil.es\/ca\/wp-json\/wp\/v2\/comments?post=402602"}],"wp:featuredmedia":[{"embeddable":true,"href":"https:\/\/grupotextil.es\/ca\/wp-json\/wp\/v2\/media\/428370"}],"wp:attachment":[{"href":"https:\/\/grupotextil.es\/ca\/wp-json\/wp\/v2\/media?parent=402602"}],"wp:term":[{"taxonomy":"product_brand","embeddable":true,"href":"https:\/\/grupotextil.es\/ca\/wp-json\/wp\/v2\/product_brand?post=402602"},{"taxonomy":"product_cat","embeddable":true,"href":"https:\/\/grupotextil.es\/ca\/wp-json\/wp\/v2\/product_cat?post=402602"},{"taxonomy":"product_tag","embeddable":true,"href":"https:\/\/grupotextil.es\/ca\/wp-json\/wp\/v2\/product_tag?post=402602"}],"curies":[{"name":"wp","href":"https:\/\/api.w.org\/{rel}","templated":true}]}}