{"id":402665,"date":"2026-03-08T05:37:52","date_gmt":"2026-03-08T04:37:52","guid":{"rendered":"https:\/\/grupotextil.es\/producto\/gorra-athleisure-trucker\/"},"modified":"2026-03-08T05:37:52","modified_gmt":"2026-03-08T04:37:52","slug":"gorra-athleisure-trucker","status":"publish","type":"product","link":"https:\/\/grupotextil.es\/ca\/product\/gorra-athleisure-trucker\/","title":{"rendered":"Cap Athleisure Trucker"},"content":{"rendered":"<ul>\n<li>Panel frontal: 100% algod\u00f3n (jersey)<\/li>\n<li>Paneles de malla: 100% poli\u00e9ster<\/li>\n<li>6 paneles<\/li>\n<li>Paneles frontales estructurados<\/li>\n<li>Visera precurvada<\/li>\n<li>Ojales<\/li>\n<li>Banda de sudo y cinta interior de algod\u00f3n<\/li>\n<li>Cierre ajustable<\/li>\n<li>Etiqueta extra\u00edble<\/li>\n<\/ul>","protected":false},"excerpt":{"rendered":"<p>Panel frontal: 100% algod\u00f3n (jersey)Paneles de malla: 100% poli\u00e9ster6 panelesPaneles frontales estructuradosVisera precurvadaOjalesBanda de sudo y cinta interior de algod\u00f3nCierre ajustableEtiqueta ext<\/p>","protected":false},"featured_media":428416,"comment_status":"open","ping_status":"closed","template":"","meta":{"_acf_changed":false},"product_brand":[11655],"product_cat":[13954,13974,13930,13975,13973],"product_tag":[],"class_list":{"0":"post-402665","1":"product","2":"type-product","3":"status-publish","4":"has-post-thumbnail","6":"product_brand-beechfield","7":"product_cat-acc-bolsas-y-mochilas","8":"product_cat-ropa-hombre","9":"product_cat-laboral","10":"product_cat-ropa-mujer","11":"product_cat-ropa","12":"tm-no-options","14":"first","15":"instock","16":"taxable","17":"shipping-taxable","18":"product-type-variable"},"acf":[],"_links":{"self":[{"href":"https:\/\/grupotextil.es\/ca\/wp-json\/wp\/v2\/product\/402665","targetHints":{"allow":["GET"]}}],"collection":[{"href":"https:\/\/grupotextil.es\/ca\/wp-json\/wp\/v2\/product"}],"about":[{"href":"https:\/\/grupotextil.es\/ca\/wp-json\/wp\/v2\/types\/product"}],"replies":[{"embeddable":true,"href":"https:\/\/grupotextil.es\/ca\/wp-json\/wp\/v2\/comments?post=402665"}],"wp:featuredmedia":[{"embeddable":true,"href":"https:\/\/grupotextil.es\/ca\/wp-json\/wp\/v2\/media\/428416"}],"wp:attachment":[{"href":"https:\/\/grupotextil.es\/ca\/wp-json\/wp\/v2\/media?parent=402665"}],"wp:term":[{"taxonomy":"product_brand","embeddable":true,"href":"https:\/\/grupotextil.es\/ca\/wp-json\/wp\/v2\/product_brand?post=402665"},{"taxonomy":"product_cat","embeddable":true,"href":"https:\/\/grupotextil.es\/ca\/wp-json\/wp\/v2\/product_cat?post=402665"},{"taxonomy":"product_tag","embeddable":true,"href":"https:\/\/grupotextil.es\/ca\/wp-json\/wp\/v2\/product_tag?post=402665"}],"curies":[{"name":"wp","href":"https:\/\/api.w.org\/{rel}","templated":true}]}}