{"id":402700,"date":"2026-03-08T05:37:54","date_gmt":"2026-03-08T04:37:54","guid":{"rendered":"https:\/\/grupotextil.es\/producto\/bolso-hibrido-zurich-35-litros\/"},"modified":"2026-03-08T05:37:54","modified_gmt":"2026-03-08T04:37:54","slug":"bolso-hibrido-zurich-35-litros","status":"publish","type":"product","link":"https:\/\/grupotextil.es\/ca\/product\/bolso-hibrido-zurich-35-litros\/","title":{"rendered":"Bolso h\u00edbrido Z\u00fcrich 35 litros"},"content":{"rendered":"<ul>\n<li>422 g\/m\u00b2<\/li>\n<li>100 % poli\u00e9ster 900D (reciclado)<\/li>\n<li>100 % poli\u00e9ster 600D con revestimiento de PU mate (reciclado)<\/li>\n<li>Contiene 100 % poli\u00e9ster reciclado certificado GRS (certificado por Control Union CU811033)<\/li>\n<li>Correas h\u00edbridas ajustables para usar como mochila y bolsa de viaje<\/li>\n<li>Compartimento interno acolchado para tableta o port\u00e1til de hasta 13<\/li>\n<li>Compartimento principal con cremallera<\/li>\n<li>Bolsillo superior con cremallera y organizador interno<\/li>\n<li>Bolsillo lateral con cremallera<\/li>\n<li>Bolsillo interior de malla con cremallera<\/li>\n<li>Panel trasero acolchado<\/li>\n<li>Apertura con cremallera bidireccional para un f\u00e1cil acceso<\/li>\n<li>Correas de hombro acolchadas y ajustables de malla de aire<\/li>\n<li>Asas de transporte acolchadas<\/li>\n<li>Correas de compresi\u00f3n dobles<\/li>\n<li>Correa pectoral ajustable<\/li>\n<li>Etiqueta extra\u00edble para facilitar el cambio de marca<\/li>\n<li>Capacidad: 35 litros<\/li>\n<li>Dimensiones: 32 x 52 x 22 cm<\/li>\n<\/ul>","protected":false},"excerpt":{"rendered":"<p>422 g\/m\u00b2100 % poli\u00e9ster 900D (reciclado)100 % poli\u00e9ster 600D con revestimiento de PU mate (reciclado)Contiene 100 % poli\u00e9ster reciclado certificado GRS (certificado por Control Union CU811033)Correas<\/p>","protected":false},"featured_media":428446,"comment_status":"open","ping_status":"closed","template":"","meta":{"_acf_changed":false},"product_brand":[11657],"product_cat":[13954,13974,13930,13975,13973],"product_tag":[14010],"class_list":{"0":"post-402700","1":"product","2":"type-product","3":"status-publish","4":"has-post-thumbnail","6":"product_brand-quadra","7":"product_cat-acc-bolsas-y-mochilas","8":"product_cat-ropa-hombre","9":"product_cat-laboral","10":"product_cat-ropa-mujer","11":"product_cat-ropa","12":"product_tag-nuevo-2026","13":"tm-no-options","15":"first","16":"instock","17":"taxable","18":"shipping-taxable","19":"product-type-variable"},"acf":[],"_links":{"self":[{"href":"https:\/\/grupotextil.es\/ca\/wp-json\/wp\/v2\/product\/402700","targetHints":{"allow":["GET"]}}],"collection":[{"href":"https:\/\/grupotextil.es\/ca\/wp-json\/wp\/v2\/product"}],"about":[{"href":"https:\/\/grupotextil.es\/ca\/wp-json\/wp\/v2\/types\/product"}],"replies":[{"embeddable":true,"href":"https:\/\/grupotextil.es\/ca\/wp-json\/wp\/v2\/comments?post=402700"}],"wp:featuredmedia":[{"embeddable":true,"href":"https:\/\/grupotextil.es\/ca\/wp-json\/wp\/v2\/media\/428446"}],"wp:attachment":[{"href":"https:\/\/grupotextil.es\/ca\/wp-json\/wp\/v2\/media?parent=402700"}],"wp:term":[{"taxonomy":"product_brand","embeddable":true,"href":"https:\/\/grupotextil.es\/ca\/wp-json\/wp\/v2\/product_brand?post=402700"},{"taxonomy":"product_cat","embeddable":true,"href":"https:\/\/grupotextil.es\/ca\/wp-json\/wp\/v2\/product_cat?post=402700"},{"taxonomy":"product_tag","embeddable":true,"href":"https:\/\/grupotextil.es\/ca\/wp-json\/wp\/v2\/product_tag?post=402700"}],"curies":[{"name":"wp","href":"https:\/\/api.w.org\/{rel}","templated":true}]}}