{"id":402703,"date":"2026-03-08T05:37:58","date_gmt":"2026-03-08T04:37:58","guid":{"rendered":"https:\/\/grupotextil.es\/producto\/zpatos-de-seguridad-negras-tamano-3\/"},"modified":"2026-03-08T05:37:58","modified_gmt":"2026-03-08T04:37:58","slug":"zpatos-de-seguridad-negras-tamano-3","status":"publish","type":"product","link":"https:\/\/grupotextil.es\/ca\/product\/zpatos-de-seguridad-negras-tamano-3\/","title":{"rendered":"Zpatos Safety negras &#8211; tama\u00f1o 3"},"content":{"rendered":"<ul>\n<li>Parte superior: 100% poliuretano termopl\u00e1stico (TPU)<\/li>\n<li>Trasnporable<\/li>\n<li>Suela: doble densidad PU \/ PU<\/li>\n<li>Absorci\u00f3n de energ\u00eda del tal\u00f3n<\/li>\n<li>Punta de acero<\/li>\n<li>Resistente al aceite<\/li>\n<li>Resistencia al deslizamiento SRA<\/li>\n<li>Conjunto de plantillas de repuesto.<\/li>\n<li>EN ISO 20345:2011 SB SRA<\/li>\n<li>M\u00e1s tallas para este productos, consulta el producto 937.33.<\/li>\n<\/ul>","protected":false},"excerpt":{"rendered":"<p>Parte superior: 100% poliuretano termopl\u00e1stico (TPU)TrasnporableSuela: doble densidad PU \/ PUAbsorci\u00f3n de energ\u00eda del tal\u00f3nPunta de aceroResistente al aceiteResistencia al deslizamiento SRAConjunto&#8230;<\/p>","protected":false},"featured_media":428448,"comment_status":"open","ping_status":"closed","template":"","meta":{"_acf_changed":false},"product_brand":[11669],"product_cat":[13954,13974,13930,13975,13973],"product_tag":[],"class_list":{"0":"post-402703","1":"product","2":"type-product","3":"status-publish","4":"has-post-thumbnail","6":"product_brand-result","7":"product_cat-acc-bolsas-y-mochilas","8":"product_cat-ropa-hombre","9":"product_cat-laboral","10":"product_cat-ropa-mujer","11":"product_cat-ropa","12":"tm-no-options","14":"first","15":"instock","16":"taxable","17":"shipping-taxable","18":"product-type-variable"},"acf":[],"_links":{"self":[{"href":"https:\/\/grupotextil.es\/ca\/wp-json\/wp\/v2\/product\/402703","targetHints":{"allow":["GET"]}}],"collection":[{"href":"https:\/\/grupotextil.es\/ca\/wp-json\/wp\/v2\/product"}],"about":[{"href":"https:\/\/grupotextil.es\/ca\/wp-json\/wp\/v2\/types\/product"}],"replies":[{"embeddable":true,"href":"https:\/\/grupotextil.es\/ca\/wp-json\/wp\/v2\/comments?post=402703"}],"wp:featuredmedia":[{"embeddable":true,"href":"https:\/\/grupotextil.es\/ca\/wp-json\/wp\/v2\/media\/428448"}],"wp:attachment":[{"href":"https:\/\/grupotextil.es\/ca\/wp-json\/wp\/v2\/media?parent=402703"}],"wp:term":[{"taxonomy":"product_brand","embeddable":true,"href":"https:\/\/grupotextil.es\/ca\/wp-json\/wp\/v2\/product_brand?post=402703"},{"taxonomy":"product_cat","embeddable":true,"href":"https:\/\/grupotextil.es\/ca\/wp-json\/wp\/v2\/product_cat?post=402703"},{"taxonomy":"product_tag","embeddable":true,"href":"https:\/\/grupotextil.es\/ca\/wp-json\/wp\/v2\/product_tag?post=402703"}],"curies":[{"name":"wp","href":"https:\/\/api.w.org\/{rel}","templated":true}]}}