{"id":402801,"date":"2026-03-08T05:38:39","date_gmt":"2026-03-08T04:38:39","guid":{"rendered":"https:\/\/grupotextil.es\/producto\/zapatos-de-seguridad-hardy\/"},"modified":"2026-03-08T05:38:39","modified_gmt":"2026-03-08T04:38:39","slug":"zapatos-de-seguridad-hardy","status":"publish","type":"product","link":"https:\/\/grupotextil.es\/ca\/product\/zapatos-de-seguridad-hardy\/","title":{"rendered":"Zapatos Safety Hardy"},"content":{"rendered":"<ul>\n<li>Parte superior: 100% poli\u00e9ster (malla Flyknit con ribete de ante)<\/li>\n<li>Transpirable<\/li>\n<li>Lengueta y cuello acolchados<\/li>\n<li>Suela: doble densidad PU \/ PU<\/li>\n<li>Absorci\u00f3n de energ\u00eda del tal\u00f3n<\/li>\n<li>Punta de acero<\/li>\n<li>Resistente al aceite<\/li>\n<li>Resistencia al deslizamiento SRA<\/li>\n<li>Conjunto de plantillas de repuesto.<\/li>\n<li>EN ISO 20345:2011 SB SRA<\/li>\n<li>M\u00e1s tallas para este productos, consulta el producto 941.33.<\/li>\n<\/ul>","protected":false},"excerpt":{"rendered":"<p>Parte superior: 100% poli\u00e9ster (malla Flyknit con ribete de ante)TranspirableLengueta y cuello acolchadosSuela: doble densidad PU \/ PUAbsorci\u00f3n de energ\u00eda del tal\u00f3nPunta de aceroResistente al aceit&#8230;<\/p>","protected":false},"featured_media":428529,"comment_status":"open","ping_status":"closed","template":"","meta":{"_acf_changed":false},"product_brand":[11669],"product_cat":[13954,13974,13932,13930,13975,13983,13973],"product_tag":[],"class_list":{"0":"post-402801","1":"product","2":"type-product","3":"status-publish","4":"has-post-thumbnail","6":"product_brand-result","7":"product_cat-acc-bolsas-y-mochilas","8":"product_cat-ropa-hombre","9":"product_cat-hosteleria-horeca","10":"product_cat-laboral","11":"product_cat-ropa-mujer","12":"product_cat-h-pantalones","13":"product_cat-ropa","14":"tm-no-options","16":"first","17":"instock","18":"taxable","19":"shipping-taxable","20":"product-type-variable"},"acf":[],"_links":{"self":[{"href":"https:\/\/grupotextil.es\/ca\/wp-json\/wp\/v2\/product\/402801","targetHints":{"allow":["GET"]}}],"collection":[{"href":"https:\/\/grupotextil.es\/ca\/wp-json\/wp\/v2\/product"}],"about":[{"href":"https:\/\/grupotextil.es\/ca\/wp-json\/wp\/v2\/types\/product"}],"replies":[{"embeddable":true,"href":"https:\/\/grupotextil.es\/ca\/wp-json\/wp\/v2\/comments?post=402801"}],"wp:featuredmedia":[{"embeddable":true,"href":"https:\/\/grupotextil.es\/ca\/wp-json\/wp\/v2\/media\/428529"}],"wp:attachment":[{"href":"https:\/\/grupotextil.es\/ca\/wp-json\/wp\/v2\/media?parent=402801"}],"wp:term":[{"taxonomy":"product_brand","embeddable":true,"href":"https:\/\/grupotextil.es\/ca\/wp-json\/wp\/v2\/product_brand?post=402801"},{"taxonomy":"product_cat","embeddable":true,"href":"https:\/\/grupotextil.es\/ca\/wp-json\/wp\/v2\/product_cat?post=402801"},{"taxonomy":"product_tag","embeddable":true,"href":"https:\/\/grupotextil.es\/ca\/wp-json\/wp\/v2\/product_tag?post=402801"}],"curies":[{"name":"wp","href":"https:\/\/api.w.org\/{rel}","templated":true}]}}