{"id":402821,"date":"2026-03-08T05:38:41","date_gmt":"2026-03-08T04:38:41","guid":{"rendered":"https:\/\/grupotextil.es\/producto\/braga-de-cuello-softshell-de-deporte-junior\/"},"modified":"2026-03-08T05:38:41","modified_gmt":"2026-03-08T04:38:41","slug":"braga-de-cuello-softshell-de-deporte-junior","status":"publish","type":"product","link":"https:\/\/grupotextil.es\/ca\/product\/braga-de-cuello-softshell-de-deporte-junior\/","title":{"rendered":"Braga de cuello Softshell Sports Junior"},"content":{"rendered":"<ul>\n<li>85% poli\u00e9ster y 15% elastano<\/li>\n<li>Resistente al viento, ligero y de secado r\u00e1pido<\/li>\n<li>Tejido Softshell transpirable<\/li>\n<li>Costuras planas para mayor comodidad<\/li>\n<li>Dise\u00f1o contorneado<\/li>\n<li>Ajuste ergon\u00f3mico<\/li>\n<li>Cord\u00f3n el\u00e1stico<\/li>\n<li>Medidas: 29,5 cm x 26 cm<\/li>\n<li>Disponible en talla de adulto<\/li>\n<\/ul>","protected":false},"excerpt":{"rendered":"<p>85% poli\u00e9ster y 15% elastanoResistente al viento, ligero y de secado r\u00e1pidoTejido Softshell transpirableCosturas planas para mayor comodidadDise\u00f1o contorneadoAjuste ergon\u00f3micoCord\u00f3n el\u00e1sticoMedidas: 2<\/p>","protected":false},"featured_media":428532,"comment_status":"open","ping_status":"closed","template":"","meta":{"_acf_changed":false},"product_brand":[11655],"product_cat":[13954,13974,13932,13930,13975,13983,13973],"product_tag":[],"class_list":{"0":"post-402821","1":"product","2":"type-product","3":"status-publish","4":"has-post-thumbnail","6":"product_brand-beechfield","7":"product_cat-acc-bolsas-y-mochilas","8":"product_cat-ropa-hombre","9":"product_cat-hosteleria-horeca","10":"product_cat-laboral","11":"product_cat-ropa-mujer","12":"product_cat-h-pantalones","13":"product_cat-ropa","14":"tm-no-options","16":"first","17":"instock","18":"taxable","19":"shipping-taxable","20":"product-type-variable"},"acf":[],"_links":{"self":[{"href":"https:\/\/grupotextil.es\/ca\/wp-json\/wp\/v2\/product\/402821","targetHints":{"allow":["GET"]}}],"collection":[{"href":"https:\/\/grupotextil.es\/ca\/wp-json\/wp\/v2\/product"}],"about":[{"href":"https:\/\/grupotextil.es\/ca\/wp-json\/wp\/v2\/types\/product"}],"replies":[{"embeddable":true,"href":"https:\/\/grupotextil.es\/ca\/wp-json\/wp\/v2\/comments?post=402821"}],"wp:featuredmedia":[{"embeddable":true,"href":"https:\/\/grupotextil.es\/ca\/wp-json\/wp\/v2\/media\/428532"}],"wp:attachment":[{"href":"https:\/\/grupotextil.es\/ca\/wp-json\/wp\/v2\/media?parent=402821"}],"wp:term":[{"taxonomy":"product_brand","embeddable":true,"href":"https:\/\/grupotextil.es\/ca\/wp-json\/wp\/v2\/product_brand?post=402821"},{"taxonomy":"product_cat","embeddable":true,"href":"https:\/\/grupotextil.es\/ca\/wp-json\/wp\/v2\/product_cat?post=402821"},{"taxonomy":"product_tag","embeddable":true,"href":"https:\/\/grupotextil.es\/ca\/wp-json\/wp\/v2\/product_tag?post=402821"}],"curies":[{"name":"wp","href":"https:\/\/api.w.org\/{rel}","templated":true}]}}