{"id":402837,"date":"2026-03-08T05:38:42","date_gmt":"2026-03-08T04:38:42","guid":{"rendered":"https:\/\/grupotextil.es\/producto\/delantal-berlin-largo-con-abertura-y-bolsillo\/"},"modified":"2026-03-08T05:38:42","modified_gmt":"2026-03-08T04:38:42","slug":"delantal-berlin-largo-con-abertura-y-bolsillo","status":"publish","type":"product","link":"https:\/\/grupotextil.es\/ca\/product\/delantal-berlin-largo-con-abertura-y-bolsillo\/","title":{"rendered":"Apron BERLIN largo con abertura y bolsillo"},"content":{"rendered":"<ul>\n<li>205 g\/m\u00b2<\/li>\n<li>65% poli\u00e9ster, 35% algod\u00f3n<\/li>\n<li>No desti\u00f1e<\/li>\n<li>F\u00e1cil cuidado<\/li>\n<li>2 bolsillos de parche<\/li>\n<li>Larga abertura para facilitar el movimiento de las piernas<\/li>\n<li>Con cinta fuerte en torno a la cintura<\/li>\n<li>Medidas: 100 x 100 cm<\/li>\n<li>Lavable a 60\u00b0C<\/li>\n<\/ul>","protected":false},"excerpt":{"rendered":"<p>205 g\/m\u00b265% poli\u00e9ster, 35% algod\u00f3nNo desti\u00f1eF\u00e1cil cuidado2 bolsillos de parcheLarga abertura para facilitar el movimiento de las piernasCon cinta fuerte en torno a la cinturaMedidas: 100 x 100 cmLavab<\/p>","protected":false},"featured_media":428560,"comment_status":"open","ping_status":"closed","template":"","meta":{"_acf_changed":false},"product_brand":[11683],"product_cat":[13954,13974,13932,13930,13975,13983,13973],"product_tag":[],"class_list":{"0":"post-402837","1":"product","2":"type-product","3":"status-publish","4":"has-post-thumbnail","6":"product_brand-sg-accessories-bistro","7":"product_cat-acc-bolsas-y-mochilas","8":"product_cat-ropa-hombre","9":"product_cat-hosteleria-horeca","10":"product_cat-laboral","11":"product_cat-ropa-mujer","12":"product_cat-h-pantalones","13":"product_cat-ropa","14":"tm-no-options","16":"first","17":"instock","18":"taxable","19":"shipping-taxable","20":"product-type-variable"},"acf":[],"_links":{"self":[{"href":"https:\/\/grupotextil.es\/ca\/wp-json\/wp\/v2\/product\/402837","targetHints":{"allow":["GET"]}}],"collection":[{"href":"https:\/\/grupotextil.es\/ca\/wp-json\/wp\/v2\/product"}],"about":[{"href":"https:\/\/grupotextil.es\/ca\/wp-json\/wp\/v2\/types\/product"}],"replies":[{"embeddable":true,"href":"https:\/\/grupotextil.es\/ca\/wp-json\/wp\/v2\/comments?post=402837"}],"wp:featuredmedia":[{"embeddable":true,"href":"https:\/\/grupotextil.es\/ca\/wp-json\/wp\/v2\/media\/428560"}],"wp:attachment":[{"href":"https:\/\/grupotextil.es\/ca\/wp-json\/wp\/v2\/media?parent=402837"}],"wp:term":[{"taxonomy":"product_brand","embeddable":true,"href":"https:\/\/grupotextil.es\/ca\/wp-json\/wp\/v2\/product_brand?post=402837"},{"taxonomy":"product_cat","embeddable":true,"href":"https:\/\/grupotextil.es\/ca\/wp-json\/wp\/v2\/product_cat?post=402837"},{"taxonomy":"product_tag","embeddable":true,"href":"https:\/\/grupotextil.es\/ca\/wp-json\/wp\/v2\/product_tag?post=402837"}],"curies":[{"name":"wp","href":"https:\/\/api.w.org\/{rel}","templated":true}]}}