{"id":402855,"date":"2026-03-08T05:38:43","date_gmt":"2026-03-08T04:38:43","guid":{"rendered":"https:\/\/grupotextil.es\/producto\/gorro-termico-snowstar\/"},"modified":"2026-03-08T05:38:43","modified_gmt":"2026-03-08T04:38:43","slug":"gorro-termico-snowstar","status":"publish","type":"product","link":"https:\/\/grupotextil.es\/ca\/product\/gorro-termico-snowstar\/","title":{"rendered":"Beanie t\u00e9rmico Snowstar\u00ae"},"content":{"rendered":"<ul>\n<li>Exterior: 100% poliacr\u00edlico de tacto suave (carb\u00f3n vegetal: 52% poliacr\u00edlico y 48% poli\u00e9ster)<\/li>\n<li>Forro: 100% Poli\u00e9ster (Micropolar)<\/li>\n<li>Dobladillo acanalado<\/li>\n<li>Pomp\u00f3n del mismo color<\/li>\n<li>Doblado y holgado<\/li>\n<li>Etiqueta extra\u00edble<\/li>\n<\/ul>","protected":false},"excerpt":{"rendered":"<p>Exterior: 100% poliacr\u00edlico de tacto suave (carb\u00f3n vegetal: 52% poliacr\u00edlico y 48% poli\u00e9ster)Forro: 100% Poli\u00e9ster (Micropolar)Dobladillo acanaladoPomp\u00f3n del mismo colorDoblado y holgadoEtiqueta extra<\/p>","protected":false},"featured_media":428565,"comment_status":"open","ping_status":"closed","template":"","meta":{"_acf_changed":false},"product_brand":[11655],"product_cat":[13954,13974,13932,13930,13975,13983,13973],"product_tag":[],"class_list":{"0":"post-402855","1":"product","2":"type-product","3":"status-publish","4":"has-post-thumbnail","6":"product_brand-beechfield","7":"product_cat-acc-bolsas-y-mochilas","8":"product_cat-ropa-hombre","9":"product_cat-hosteleria-horeca","10":"product_cat-laboral","11":"product_cat-ropa-mujer","12":"product_cat-h-pantalones","13":"product_cat-ropa","14":"tm-no-options","16":"first","17":"instock","18":"taxable","19":"shipping-taxable","20":"product-type-variable"},"acf":[],"_links":{"self":[{"href":"https:\/\/grupotextil.es\/ca\/wp-json\/wp\/v2\/product\/402855","targetHints":{"allow":["GET"]}}],"collection":[{"href":"https:\/\/grupotextil.es\/ca\/wp-json\/wp\/v2\/product"}],"about":[{"href":"https:\/\/grupotextil.es\/ca\/wp-json\/wp\/v2\/types\/product"}],"replies":[{"embeddable":true,"href":"https:\/\/grupotextil.es\/ca\/wp-json\/wp\/v2\/comments?post=402855"}],"wp:featuredmedia":[{"embeddable":true,"href":"https:\/\/grupotextil.es\/ca\/wp-json\/wp\/v2\/media\/428565"}],"wp:attachment":[{"href":"https:\/\/grupotextil.es\/ca\/wp-json\/wp\/v2\/media?parent=402855"}],"wp:term":[{"taxonomy":"product_brand","embeddable":true,"href":"https:\/\/grupotextil.es\/ca\/wp-json\/wp\/v2\/product_brand?post=402855"},{"taxonomy":"product_cat","embeddable":true,"href":"https:\/\/grupotextil.es\/ca\/wp-json\/wp\/v2\/product_cat?post=402855"},{"taxonomy":"product_tag","embeddable":true,"href":"https:\/\/grupotextil.es\/ca\/wp-json\/wp\/v2\/product_tag?post=402855"}],"curies":[{"name":"wp","href":"https:\/\/api.w.org\/{rel}","templated":true}]}}