{"id":402860,"date":"2026-03-08T05:38:43","date_gmt":"2026-03-08T04:38:43","guid":{"rendered":"https:\/\/grupotextil.es\/producto\/tote-yute-almidonado-bolsillo-algodon-natural\/"},"modified":"2026-03-08T05:38:43","modified_gmt":"2026-03-08T04:38:43","slug":"tote-yute-almidonado-bolsillo-algodon-natural","status":"publish","type":"product","link":"https:\/\/grupotextil.es\/ca\/product\/tote-yute-almidonado-bolsillo-algodon-natural\/","title":{"rendered":"Tote yute almidonado bolsillo algod\u00f3n natural"},"content":{"rendered":"<ul>\n<li>100% Yute (Sin Laminar y Almidonado)<\/li>\n<li>Bolsillo delantero: 340 g\/m\u00b2, 100% Algod\u00f3n (Lona)<\/li>\n<li>Asas de transporte de algod\u00f3n (longitud: 40cm)<\/li>\n<li>Bolsillo frontal apto para imprimir<\/li>\n<li>Etiqueta extra\u00edble para facilitar el cambio de marca<\/li>\n<li>Capacidad: 14 Litros<\/li>\n<li>Dimensiones: 30x30x19cm<\/li>\n<li>M\u00e1x. bordado: aro de 15 tubulares<\/li>\n<li>M\u00e1x. \u00e1rea de impresi\u00f3n: 25&#215;20 cm.<\/li>\n<\/ul>","protected":false},"excerpt":{"rendered":"<p>100% Yute (Sin Laminar y Almidonado)Bolsillo delantero: 340 g\/m\u00b2, 100% Algod\u00f3n (Lona)Asas de transporte de algod\u00f3n (longitud: 40cm)Bolsillo frontal apto para imprimirEtiqueta extra\u00edble para facilit&#8230;<\/p>","protected":false},"featured_media":428579,"comment_status":"open","ping_status":"closed","template":"","meta":{"_acf_changed":false},"product_brand":[11680],"product_cat":[13954,13974,13932,13930,13975,13983,13973],"product_tag":[],"class_list":{"0":"post-402860","1":"product","2":"type-product","3":"status-publish","4":"has-post-thumbnail","6":"product_brand-westford-mill","7":"product_cat-acc-bolsas-y-mochilas","8":"product_cat-ropa-hombre","9":"product_cat-hosteleria-horeca","10":"product_cat-laboral","11":"product_cat-ropa-mujer","12":"product_cat-h-pantalones","13":"product_cat-ropa","14":"tm-no-options","16":"first","17":"instock","18":"taxable","19":"shipping-taxable","20":"product-type-variable"},"acf":[],"_links":{"self":[{"href":"https:\/\/grupotextil.es\/ca\/wp-json\/wp\/v2\/product\/402860","targetHints":{"allow":["GET"]}}],"collection":[{"href":"https:\/\/grupotextil.es\/ca\/wp-json\/wp\/v2\/product"}],"about":[{"href":"https:\/\/grupotextil.es\/ca\/wp-json\/wp\/v2\/types\/product"}],"replies":[{"embeddable":true,"href":"https:\/\/grupotextil.es\/ca\/wp-json\/wp\/v2\/comments?post=402860"}],"wp:featuredmedia":[{"embeddable":true,"href":"https:\/\/grupotextil.es\/ca\/wp-json\/wp\/v2\/media\/428579"}],"wp:attachment":[{"href":"https:\/\/grupotextil.es\/ca\/wp-json\/wp\/v2\/media?parent=402860"}],"wp:term":[{"taxonomy":"product_brand","embeddable":true,"href":"https:\/\/grupotextil.es\/ca\/wp-json\/wp\/v2\/product_brand?post=402860"},{"taxonomy":"product_cat","embeddable":true,"href":"https:\/\/grupotextil.es\/ca\/wp-json\/wp\/v2\/product_cat?post=402860"},{"taxonomy":"product_tag","embeddable":true,"href":"https:\/\/grupotextil.es\/ca\/wp-json\/wp\/v2\/product_tag?post=402860"}],"curies":[{"name":"wp","href":"https:\/\/api.w.org\/{rel}","templated":true}]}}