{"id":402908,"date":"2026-03-08T05:38:46","date_gmt":"2026-03-08T04:38:46","guid":{"rendered":"https:\/\/grupotextil.es\/producto\/gorra-de-6-paneles-urbanwear-2\/"},"modified":"2026-03-08T05:38:46","modified_gmt":"2026-03-08T04:38:46","slug":"gorra-de-6-paneles-urbanwear-2","status":"publish","type":"product","link":"https:\/\/grupotextil.es\/ca\/product\/gorra-de-6-paneles-urbanwear-2\/","title":{"rendered":"Cap de 6 Panel Urbanwear"},"content":{"rendered":"<ul>\n<li>80% poli\u00e9stery 20% algod\u00f3n<\/li>\n<li>Dise\u00f1o de 6 paneles<\/li>\n<li>Paneles frontales estructurados<\/li>\n<li>Ojales de ventilaci\u00f3n cosidos<\/li>\n<li>Visera semicurvada<\/li>\n<li>Cierre ajustable<\/li>\n<li>Etiqueta extra\u00edble<\/li>\n<\/ul>","protected":false},"excerpt":{"rendered":"<p>80% poli\u00e9stery 20% algod\u00f3nDise\u00f1o de 6 panelesPaneles frontales estructuradosOjales de ventilaci\u00f3n cosidosVisera semicurvadaCierre ajustableEtiqueta extra\u00edble<\/p>","protected":false},"featured_media":428617,"comment_status":"open","ping_status":"closed","template":"","meta":{"_acf_changed":false},"product_brand":[11655],"product_cat":[13954,13974,13932,13930,13975,13983,13973],"product_tag":[],"class_list":{"0":"post-402908","1":"product","2":"type-product","3":"status-publish","4":"has-post-thumbnail","6":"product_brand-beechfield","7":"product_cat-acc-bolsas-y-mochilas","8":"product_cat-ropa-hombre","9":"product_cat-hosteleria-horeca","10":"product_cat-laboral","11":"product_cat-ropa-mujer","12":"product_cat-h-pantalones","13":"product_cat-ropa","14":"tm-no-options","16":"first","17":"instock","18":"taxable","19":"shipping-taxable","20":"product-type-variable"},"acf":[],"_links":{"self":[{"href":"https:\/\/grupotextil.es\/ca\/wp-json\/wp\/v2\/product\/402908","targetHints":{"allow":["GET"]}}],"collection":[{"href":"https:\/\/grupotextil.es\/ca\/wp-json\/wp\/v2\/product"}],"about":[{"href":"https:\/\/grupotextil.es\/ca\/wp-json\/wp\/v2\/types\/product"}],"replies":[{"embeddable":true,"href":"https:\/\/grupotextil.es\/ca\/wp-json\/wp\/v2\/comments?post=402908"}],"wp:featuredmedia":[{"embeddable":true,"href":"https:\/\/grupotextil.es\/ca\/wp-json\/wp\/v2\/media\/428617"}],"wp:attachment":[{"href":"https:\/\/grupotextil.es\/ca\/wp-json\/wp\/v2\/media?parent=402908"}],"wp:term":[{"taxonomy":"product_brand","embeddable":true,"href":"https:\/\/grupotextil.es\/ca\/wp-json\/wp\/v2\/product_brand?post=402908"},{"taxonomy":"product_cat","embeddable":true,"href":"https:\/\/grupotextil.es\/ca\/wp-json\/wp\/v2\/product_cat?post=402908"},{"taxonomy":"product_tag","embeddable":true,"href":"https:\/\/grupotextil.es\/ca\/wp-json\/wp\/v2\/product_tag?post=402908"}],"curies":[{"name":"wp","href":"https:\/\/api.w.org\/{rel}","templated":true}]}}