{"id":402946,"date":"2026-03-08T05:38:51","date_gmt":"2026-03-08T04:38:51","guid":{"rendered":"https:\/\/grupotextil.es\/producto\/bolsa-shopper-earthaware-de-sarga-ecologica\/"},"modified":"2026-03-08T05:38:51","modified_gmt":"2026-03-08T04:38:51","slug":"bolsa-shopper-earthaware-de-sarga-ecologica","status":"publish","type":"product","link":"https:\/\/grupotextil.es\/ca\/product\/bolsa-shopper-earthaware-de-sarga-ecologica\/","title":{"rendered":"Bag shopper EarthAware\u00ae de sarga ecol\u00f3gica"},"content":{"rendered":"<ul>\n<li>230 g\/m\u00b2<\/li>\n<li>100% Algod\u00f3n (sarga org\u00e1nica)<\/li>\n<li>Asas de transporte (longitud: 63 cm)<\/li>\n<li>Se puede llevar en la mano o al hombro<\/li>\n<li>Etiqueta extra\u00edble para facilitar el cambio de marca<\/li>\n<li>Gran capacidad<\/li>\n<li>Capacidad: 23 Litros<\/li>\n<li>Dimensiones: 44x37x16cm<\/li>\n<li>M\u00e1x. bordado: 36x30cm<\/li>\n<li>M\u00e1x. \u00e1rea de impresi\u00f3n: 40&#215;30 cm.<\/li>\n<\/ul>","protected":false},"excerpt":{"rendered":"<p>230 g\/m\u00b2100% Algod\u00f3n (sarga org\u00e1nica)Asas de transporte (longitud: 63 cm)Se puede llevar en la mano o al hombroEtiqueta extra\u00edble para facilitar el cambio de marcaGran capacidadCapacidad: 23 Litros&#8230;<\/p>","protected":false},"featured_media":428660,"comment_status":"open","ping_status":"closed","template":"","meta":{"_acf_changed":false},"product_brand":[11680],"product_cat":[13954,13974,13932,13930,13975,13983,13973],"product_tag":[],"class_list":{"0":"post-402946","1":"product","2":"type-product","3":"status-publish","4":"has-post-thumbnail","6":"product_brand-westford-mill","7":"product_cat-acc-bolsas-y-mochilas","8":"product_cat-ropa-hombre","9":"product_cat-hosteleria-horeca","10":"product_cat-laboral","11":"product_cat-ropa-mujer","12":"product_cat-h-pantalones","13":"product_cat-ropa","14":"tm-no-options","16":"first","17":"instock","18":"taxable","19":"shipping-taxable","20":"product-type-variable"},"acf":[],"_links":{"self":[{"href":"https:\/\/grupotextil.es\/ca\/wp-json\/wp\/v2\/product\/402946","targetHints":{"allow":["GET"]}}],"collection":[{"href":"https:\/\/grupotextil.es\/ca\/wp-json\/wp\/v2\/product"}],"about":[{"href":"https:\/\/grupotextil.es\/ca\/wp-json\/wp\/v2\/types\/product"}],"replies":[{"embeddable":true,"href":"https:\/\/grupotextil.es\/ca\/wp-json\/wp\/v2\/comments?post=402946"}],"wp:featuredmedia":[{"embeddable":true,"href":"https:\/\/grupotextil.es\/ca\/wp-json\/wp\/v2\/media\/428660"}],"wp:attachment":[{"href":"https:\/\/grupotextil.es\/ca\/wp-json\/wp\/v2\/media?parent=402946"}],"wp:term":[{"taxonomy":"product_brand","embeddable":true,"href":"https:\/\/grupotextil.es\/ca\/wp-json\/wp\/v2\/product_brand?post=402946"},{"taxonomy":"product_cat","embeddable":true,"href":"https:\/\/grupotextil.es\/ca\/wp-json\/wp\/v2\/product_cat?post=402946"},{"taxonomy":"product_tag","embeddable":true,"href":"https:\/\/grupotextil.es\/ca\/wp-json\/wp\/v2\/product_tag?post=402946"}],"curies":[{"name":"wp","href":"https:\/\/api.w.org\/{rel}","templated":true}]}}