{"id":403042,"date":"2026-03-08T05:38:57","date_gmt":"2026-03-08T04:38:57","guid":{"rendered":"https:\/\/grupotextil.es\/producto\/delantal-peto-vienna-nino\/"},"modified":"2026-03-08T05:38:57","modified_gmt":"2026-03-08T04:38:57","slug":"delantal-peto-vienna-nino","status":"publish","type":"product","link":"https:\/\/grupotextil.es\/ca\/product\/delantal-peto-vienna-nino\/","title":{"rendered":"Apron peto VIENNA Kids"},"content":{"rendered":"<ul>\n<li>205 g\/m\u00b2<\/li>\n<li>65% poli\u00e9ster, 35% algod\u00f3n<\/li>\n<li>No desti\u00f1e<\/li>\n<li>F\u00e1cil cuidado<\/li>\n<li>Delantal con cierre de seguridad en el cuello (sin riesgo de estrangulamiento)<\/li>\n<li>Medidas: 80 x 60 cm<\/li>\n<li>Lavable a 60\u00b0C<\/li>\n<\/ul>","protected":false},"excerpt":{"rendered":"<p>205 g\/m\u00b265% poli\u00e9ster, 35% algod\u00f3nNo desti\u00f1eF\u00e1cil cuidadoDelantal con cierre de seguridad en el cuello (sin riesgo de estrangulamiento)Medidas: 80 x 60 cmLavable a 60\u00b0C<\/p>","protected":false},"featured_media":428733,"comment_status":"open","ping_status":"closed","template":"","meta":{"_acf_changed":false},"product_brand":[11683],"product_cat":[13954,13974,13932,13930,13975,13983,13973],"product_tag":[],"class_list":{"0":"post-403042","1":"product","2":"type-product","3":"status-publish","4":"has-post-thumbnail","6":"product_brand-sg-accessories-bistro","7":"product_cat-acc-bolsas-y-mochilas","8":"product_cat-ropa-hombre","9":"product_cat-hosteleria-horeca","10":"product_cat-laboral","11":"product_cat-ropa-mujer","12":"product_cat-h-pantalones","13":"product_cat-ropa","14":"tm-no-options","16":"first","17":"instock","18":"taxable","19":"shipping-taxable","20":"product-type-variable"},"acf":[],"_links":{"self":[{"href":"https:\/\/grupotextil.es\/ca\/wp-json\/wp\/v2\/product\/403042","targetHints":{"allow":["GET"]}}],"collection":[{"href":"https:\/\/grupotextil.es\/ca\/wp-json\/wp\/v2\/product"}],"about":[{"href":"https:\/\/grupotextil.es\/ca\/wp-json\/wp\/v2\/types\/product"}],"replies":[{"embeddable":true,"href":"https:\/\/grupotextil.es\/ca\/wp-json\/wp\/v2\/comments?post=403042"}],"wp:featuredmedia":[{"embeddable":true,"href":"https:\/\/grupotextil.es\/ca\/wp-json\/wp\/v2\/media\/428733"}],"wp:attachment":[{"href":"https:\/\/grupotextil.es\/ca\/wp-json\/wp\/v2\/media?parent=403042"}],"wp:term":[{"taxonomy":"product_brand","embeddable":true,"href":"https:\/\/grupotextil.es\/ca\/wp-json\/wp\/v2\/product_brand?post=403042"},{"taxonomy":"product_cat","embeddable":true,"href":"https:\/\/grupotextil.es\/ca\/wp-json\/wp\/v2\/product_cat?post=403042"},{"taxonomy":"product_tag","embeddable":true,"href":"https:\/\/grupotextil.es\/ca\/wp-json\/wp\/v2\/product_tag?post=403042"}],"curies":[{"name":"wp","href":"https:\/\/api.w.org\/{rel}","templated":true}]}}