{"id":403051,"date":"2026-03-08T05:38:57","date_gmt":"2026-03-08T04:38:57","guid":{"rendered":"https:\/\/grupotextil.es\/producto\/pantalon-con-bajo-elastico\/"},"modified":"2026-03-08T05:38:57","modified_gmt":"2026-03-08T04:38:57","slug":"pantalon-con-bajo-elastico","status":"publish","type":"product","link":"https:\/\/grupotextil.es\/ca\/product\/pantalon-con-bajo-elastico\/","title":{"rendered":"Trouser con bajo el\u00e1stico"},"content":{"rendered":"<ul>\n<li>280 g\/m\u00b2<\/li>\n<li>70% algod\u00f3n ring-spun, 30% poli\u00e9ster<\/li>\n<li>Cintura el\u00e1stica<\/li>\n<li>Bolsillos laterales<\/li>\n<li>Bajo de pierna el\u00e1stico<\/li>\n<\/ul>","protected":false},"excerpt":{"rendered":"<p>280 g\/m\u00b270% algod\u00f3n ring-spun, 30% poli\u00e9sterCintura el\u00e1sticaBolsillos lateralesBajo de pierna el\u00e1stico<\/p>","protected":false},"featured_media":428740,"comment_status":"open","ping_status":"closed","template":"","meta":{"_acf_changed":false},"product_brand":[11665],"product_cat":[13954,13974,13932,13930,13975,13983,13973],"product_tag":[],"class_list":{"0":"post-403051","1":"product","2":"type-product","3":"status-publish","4":"has-post-thumbnail","6":"product_brand-fruit-of-the-loom","7":"product_cat-acc-bolsas-y-mochilas","8":"product_cat-ropa-hombre","9":"product_cat-hosteleria-horeca","10":"product_cat-laboral","11":"product_cat-ropa-mujer","12":"product_cat-h-pantalones","13":"product_cat-ropa","14":"tm-no-options","16":"first","17":"instock","18":"taxable","19":"shipping-taxable","20":"product-type-variable"},"acf":[],"_links":{"self":[{"href":"https:\/\/grupotextil.es\/ca\/wp-json\/wp\/v2\/product\/403051","targetHints":{"allow":["GET"]}}],"collection":[{"href":"https:\/\/grupotextil.es\/ca\/wp-json\/wp\/v2\/product"}],"about":[{"href":"https:\/\/grupotextil.es\/ca\/wp-json\/wp\/v2\/types\/product"}],"replies":[{"embeddable":true,"href":"https:\/\/grupotextil.es\/ca\/wp-json\/wp\/v2\/comments?post=403051"}],"wp:featuredmedia":[{"embeddable":true,"href":"https:\/\/grupotextil.es\/ca\/wp-json\/wp\/v2\/media\/428740"}],"wp:attachment":[{"href":"https:\/\/grupotextil.es\/ca\/wp-json\/wp\/v2\/media?parent=403051"}],"wp:term":[{"taxonomy":"product_brand","embeddable":true,"href":"https:\/\/grupotextil.es\/ca\/wp-json\/wp\/v2\/product_brand?post=403051"},{"taxonomy":"product_cat","embeddable":true,"href":"https:\/\/grupotextil.es\/ca\/wp-json\/wp\/v2\/product_cat?post=403051"},{"taxonomy":"product_tag","embeddable":true,"href":"https:\/\/grupotextil.es\/ca\/wp-json\/wp\/v2\/product_tag?post=403051"}],"curies":[{"name":"wp","href":"https:\/\/api.w.org\/{rel}","templated":true}]}}