{"id":403072,"date":"2026-03-08T05:39:04","date_gmt":"2026-03-08T04:39:04","guid":{"rendered":"https:\/\/grupotextil.es\/producto\/tote-de-algodon-organico-wave-print-maxi\/"},"modified":"2026-03-08T05:39:04","modified_gmt":"2026-03-08T04:39:04","slug":"tote-de-algodon-organico-wave-print-maxi","status":"publish","type":"product","link":"https:\/\/grupotextil.es\/ca\/product\/tote-de-algodon-organico-wave-print-maxi\/","title":{"rendered":"Tote de algod\u00f3n org\u00e1nico Wave Print Maxi"},"content":{"rendered":"<ul>\n<li>200 g\/m\u00b2<\/li>\n<li>100% algod\u00f3n (org\u00e1nico)<\/li>\n<li>Dise\u00f1o impreso en cama plana<\/li>\n<li>Dise\u00f1o de estampado de ondas que ofrece m\u00faltiples oportunidades para la decoraci\u00f3n.<\/li>\n<li>etiqueta extra\u00edble para facilitar el cambio de marca<\/li>\n<li>Se puede llevar en la mano o sobre el hombro.<\/li>\n<li>Certificado GOTS &#8211; CU811033<\/li>\n<\/ul>","protected":false},"excerpt":{"rendered":"<p>200 g\/m\u00b2100% algod\u00f3n (org\u00e1nico)Dise\u00f1o impreso en cama planaDise\u00f1o de estampado de ondas que ofrece m\u00faltiples oportunidades para la decoraci\u00f3n.<\/p>","protected":false},"featured_media":428750,"comment_status":"open","ping_status":"closed","template":"","meta":{"_acf_changed":false},"product_brand":[11680],"product_cat":[13954,13974,13932,13930,13975,13983,13973],"product_tag":[],"class_list":{"0":"post-403072","1":"product","2":"type-product","3":"status-publish","4":"has-post-thumbnail","6":"product_brand-westford-mill","7":"product_cat-acc-bolsas-y-mochilas","8":"product_cat-ropa-hombre","9":"product_cat-hosteleria-horeca","10":"product_cat-laboral","11":"product_cat-ropa-mujer","12":"product_cat-h-pantalones","13":"product_cat-ropa","14":"tm-no-options","16":"first","17":"instock","18":"taxable","19":"shipping-taxable","20":"product-type-variable"},"acf":[],"_links":{"self":[{"href":"https:\/\/grupotextil.es\/ca\/wp-json\/wp\/v2\/product\/403072","targetHints":{"allow":["GET"]}}],"collection":[{"href":"https:\/\/grupotextil.es\/ca\/wp-json\/wp\/v2\/product"}],"about":[{"href":"https:\/\/grupotextil.es\/ca\/wp-json\/wp\/v2\/types\/product"}],"replies":[{"embeddable":true,"href":"https:\/\/grupotextil.es\/ca\/wp-json\/wp\/v2\/comments?post=403072"}],"wp:featuredmedia":[{"embeddable":true,"href":"https:\/\/grupotextil.es\/ca\/wp-json\/wp\/v2\/media\/428750"}],"wp:attachment":[{"href":"https:\/\/grupotextil.es\/ca\/wp-json\/wp\/v2\/media?parent=403072"}],"wp:term":[{"taxonomy":"product_brand","embeddable":true,"href":"https:\/\/grupotextil.es\/ca\/wp-json\/wp\/v2\/product_brand?post=403072"},{"taxonomy":"product_cat","embeddable":true,"href":"https:\/\/grupotextil.es\/ca\/wp-json\/wp\/v2\/product_cat?post=403072"},{"taxonomy":"product_tag","embeddable":true,"href":"https:\/\/grupotextil.es\/ca\/wp-json\/wp\/v2\/product_tag?post=403072"}],"curies":[{"name":"wp","href":"https:\/\/api.w.org\/{rel}","templated":true}]}}