{"id":403078,"date":"2026-03-08T05:39:06","date_gmt":"2026-03-08T04:39:06","guid":{"rendered":"https:\/\/grupotextil.es\/producto\/bolsa-trug-de-fieltro\/"},"modified":"2026-03-08T05:39:06","modified_gmt":"2026-03-08T04:39:06","slug":"bolsa-trug-de-fieltro","status":"publish","type":"product","link":"https:\/\/grupotextil.es\/ca\/product\/bolsa-trug-de-fieltro\/","title":{"rendered":"Bag Trug Felt"},"content":{"rendered":"<ul>\n<li>100% poli\u00e9ster (fieltro)<\/li>\n<li>Asas de mano<\/li>\n<li>Disponible en dos tama\u00f1os<\/li>\n<li>Multiuso<\/li>\n<li>Etiqueta extra\u00edble para facilitar el rebranding<\/li>\n<li>Capacidad: 21 litros (S), 50 litros (M)<\/li>\n<li>Medidas: 30 x 30 cm (S), 40 x 40 cm (M)<\/li>\n<li>Max. bordado: aro tubular 18<\/li>\n<li>Max. \u00c1rea de impresi\u00f3n: 94 x 18 cm (S), 120 x 28 cm (M)<\/li>\n<\/ul>","protected":false},"excerpt":{"rendered":"<p>100% poli\u00e9ster (fieltro)Asas de manoDisponible en dos tama\u00f1osMultiusoEtiqueta extra\u00edble para facilitar el rebrandingCapacidad: 21 litros (S), 50 litros (M)Medidas: 30 x 30 cm (S), 40 x 40 cm (M)Max&#8230;<\/p>","protected":false},"featured_media":428754,"comment_status":"open","ping_status":"closed","template":"","meta":{"_acf_changed":false},"product_brand":[11668],"product_cat":[13954,13974,13932,13930,13975,13983,13973],"product_tag":[],"class_list":{"0":"post-403078","1":"product","2":"type-product","3":"status-publish","4":"has-post-thumbnail","6":"product_brand-bag-base","7":"product_cat-acc-bolsas-y-mochilas","8":"product_cat-ropa-hombre","9":"product_cat-hosteleria-horeca","10":"product_cat-laboral","11":"product_cat-ropa-mujer","12":"product_cat-h-pantalones","13":"product_cat-ropa","14":"tm-no-options","16":"first","17":"instock","18":"taxable","19":"shipping-taxable","20":"product-type-variable"},"acf":[],"_links":{"self":[{"href":"https:\/\/grupotextil.es\/ca\/wp-json\/wp\/v2\/product\/403078","targetHints":{"allow":["GET"]}}],"collection":[{"href":"https:\/\/grupotextil.es\/ca\/wp-json\/wp\/v2\/product"}],"about":[{"href":"https:\/\/grupotextil.es\/ca\/wp-json\/wp\/v2\/types\/product"}],"replies":[{"embeddable":true,"href":"https:\/\/grupotextil.es\/ca\/wp-json\/wp\/v2\/comments?post=403078"}],"wp:featuredmedia":[{"embeddable":true,"href":"https:\/\/grupotextil.es\/ca\/wp-json\/wp\/v2\/media\/428754"}],"wp:attachment":[{"href":"https:\/\/grupotextil.es\/ca\/wp-json\/wp\/v2\/media?parent=403078"}],"wp:term":[{"taxonomy":"product_brand","embeddable":true,"href":"https:\/\/grupotextil.es\/ca\/wp-json\/wp\/v2\/product_brand?post=403078"},{"taxonomy":"product_cat","embeddable":true,"href":"https:\/\/grupotextil.es\/ca\/wp-json\/wp\/v2\/product_cat?post=403078"},{"taxonomy":"product_tag","embeddable":true,"href":"https:\/\/grupotextil.es\/ca\/wp-json\/wp\/v2\/product_tag?post=403078"}],"curies":[{"name":"wp","href":"https:\/\/api.w.org\/{rel}","templated":true}]}}