{"id":403162,"date":"2026-03-08T05:39:15","date_gmt":"2026-03-08T04:39:15","guid":{"rendered":"https:\/\/grupotextil.es\/producto\/delantal-chaleco-madrid-mujer\/"},"modified":"2026-03-08T05:39:15","modified_gmt":"2026-03-08T04:39:15","slug":"delantal-chaleco-madrid-mujer","status":"publish","type":"product","link":"https:\/\/grupotextil.es\/ca\/product\/delantal-chaleco-madrid-mujer\/","title":{"rendered":"Delantal chaleco MADRID mujer"},"content":{"rendered":"<ul>\n<li>205 g\/m\u00b2<\/li>\n<li>65% poli\u00e9ster, 35% algod\u00f3n<\/li>\n<li>Bolsillo de parche<\/li>\n<li>F\u00e1cil cuidado<\/li>\n<li>No desti\u00f1e<\/li>\n<li>Cintas y bolsillos con puntadas de refuerzo en zig-zag<\/li>\n<li>Medidas: 50 x 80 cm (1), 55 x 85 cm (2)<\/li>\n<li>Lavable a 60\u00b0C<\/li>\n<\/ul>","protected":false},"excerpt":{"rendered":"<p>205 g\/m\u00b265% poli\u00e9ster, 35% algod\u00f3nBolsillo de parcheF\u00e1cil cuidadoNo desti\u00f1eCintas y bolsillos con puntadas de refuerzo en zig-zagMedidas: 50 x 80 cm (1), 55 x 85 cm (2)Lavable a 60\u00b0C<\/p>","protected":false},"featured_media":428787,"comment_status":"open","ping_status":"closed","template":"","meta":{"_acf_changed":false},"product_brand":[11683],"product_cat":[13954,13974,13932,13930,13975,13983,13973],"product_tag":[14009],"class_list":{"0":"post-403162","1":"product","2":"type-product","3":"status-publish","4":"has-post-thumbnail","6":"product_brand-sg-accessories-bistro","7":"product_cat-acc-bolsas-y-mochilas","8":"product_cat-ropa-hombre","9":"product_cat-hosteleria-horeca","10":"product_cat-laboral","11":"product_cat-ropa-mujer","12":"product_cat-h-pantalones","13":"product_cat-ropa","14":"product_tag-top-ventas","15":"tm-no-options","17":"first","18":"instock","19":"taxable","20":"shipping-taxable","21":"product-type-variable"},"acf":[],"_links":{"self":[{"href":"https:\/\/grupotextil.es\/ca\/wp-json\/wp\/v2\/product\/403162","targetHints":{"allow":["GET"]}}],"collection":[{"href":"https:\/\/grupotextil.es\/ca\/wp-json\/wp\/v2\/product"}],"about":[{"href":"https:\/\/grupotextil.es\/ca\/wp-json\/wp\/v2\/types\/product"}],"replies":[{"embeddable":true,"href":"https:\/\/grupotextil.es\/ca\/wp-json\/wp\/v2\/comments?post=403162"}],"wp:featuredmedia":[{"embeddable":true,"href":"https:\/\/grupotextil.es\/ca\/wp-json\/wp\/v2\/media\/428787"}],"wp:attachment":[{"href":"https:\/\/grupotextil.es\/ca\/wp-json\/wp\/v2\/media?parent=403162"}],"wp:term":[{"taxonomy":"product_brand","embeddable":true,"href":"https:\/\/grupotextil.es\/ca\/wp-json\/wp\/v2\/product_brand?post=403162"},{"taxonomy":"product_cat","embeddable":true,"href":"https:\/\/grupotextil.es\/ca\/wp-json\/wp\/v2\/product_cat?post=403162"},{"taxonomy":"product_tag","embeddable":true,"href":"https:\/\/grupotextil.es\/ca\/wp-json\/wp\/v2\/product_tag?post=403162"}],"curies":[{"name":"wp","href":"https:\/\/api.w.org\/{rel}","templated":true}]}}