{"id":403265,"date":"2026-03-08T05:39:36","date_gmt":"2026-03-08T04:39:36","guid":{"rendered":"https:\/\/grupotextil.es\/producto\/chaqueta-reciclada-thermal\/"},"modified":"2026-03-08T05:39:36","modified_gmt":"2026-03-08T04:39:36","slug":"chaqueta-reciclada-thermal","status":"publish","type":"product","link":"https:\/\/grupotextil.es\/ca\/product\/chaqueta-reciclada-thermal\/","title":{"rendered":"Chaqueta reciclado de abrigo"},"content":{"rendered":"<ul>\n<li>180 g\/m\u00b2<\/li>\n<li>Capa exterior: 100% Poli\u00e9ster reciclado<\/li>\n<li>Capa media : 100% poli\u00e9ster reciclado (Thermoguard)<\/li>\n<li>Forro: 100% poli\u00e9ster reciclado<\/li>\n<li>Cinta el\u00e1stica en pu\u00f1os, capucha y dobladillo<\/li>\n<li>2 bolsillos inferiores con cremallera<\/li>\n<li>F\u00e1cil de comprimir<\/li>\n<li>Etiqueta extra\u00edble<\/li>\n<\/ul>","protected":false},"excerpt":{"rendered":"<p>180 g\/m\u00b2Capa exterior: 100% Poli\u00e9ster recicladoCapa media : 100% poli\u00e9ster reciclado (Thermoguard)Forro: 100% poli\u00e9ster recicladoCinta el\u00e1stica en pu\u00f1os, capucha y dobladillo2 bolsillos inferiores con<\/p>","protected":false},"featured_media":428833,"comment_status":"open","ping_status":"closed","template":"","meta":{"_acf_changed":false},"product_brand":[11656],"product_cat":[13954,13990,13981,13974,13930,13975,13992,13983,13973],"product_tag":[],"class_list":{"0":"post-403265","1":"product","2":"type-product","3":"status-publish","4":"has-post-thumbnail","6":"product_brand-regatta","7":"product_cat-acc-bolsas-y-mochilas","8":"product_cat-m-chaquetas-y-abrigos","9":"product_cat-h-chaquetas-y-abrigos","10":"product_cat-ropa-hombre","11":"product_cat-laboral","12":"product_cat-ropa-mujer","13":"product_cat-m-pantalones","14":"product_cat-h-pantalones","15":"product_cat-ropa","16":"tm-no-options","18":"first","19":"instock","20":"taxable","21":"shipping-taxable","22":"product-type-variable"},"acf":[],"_links":{"self":[{"href":"https:\/\/grupotextil.es\/ca\/wp-json\/wp\/v2\/product\/403265","targetHints":{"allow":["GET"]}}],"collection":[{"href":"https:\/\/grupotextil.es\/ca\/wp-json\/wp\/v2\/product"}],"about":[{"href":"https:\/\/grupotextil.es\/ca\/wp-json\/wp\/v2\/types\/product"}],"replies":[{"embeddable":true,"href":"https:\/\/grupotextil.es\/ca\/wp-json\/wp\/v2\/comments?post=403265"}],"wp:featuredmedia":[{"embeddable":true,"href":"https:\/\/grupotextil.es\/ca\/wp-json\/wp\/v2\/media\/428833"}],"wp:attachment":[{"href":"https:\/\/grupotextil.es\/ca\/wp-json\/wp\/v2\/media?parent=403265"}],"wp:term":[{"taxonomy":"product_brand","embeddable":true,"href":"https:\/\/grupotextil.es\/ca\/wp-json\/wp\/v2\/product_brand?post=403265"},{"taxonomy":"product_cat","embeddable":true,"href":"https:\/\/grupotextil.es\/ca\/wp-json\/wp\/v2\/product_cat?post=403265"},{"taxonomy":"product_tag","embeddable":true,"href":"https:\/\/grupotextil.es\/ca\/wp-json\/wp\/v2\/product_tag?post=403265"}],"curies":[{"name":"wp","href":"https:\/\/api.w.org\/{rel}","templated":true}]}}