{"id":403380,"date":"2026-03-08T05:39:43","date_gmt":"2026-03-08T04:39:43","guid":{"rendered":"https:\/\/grupotextil.es\/producto\/chaleco-reciclado-insulated\/"},"modified":"2026-03-08T05:39:43","modified_gmt":"2026-03-08T04:39:43","slug":"chaleco-reciclado-insulated","status":"publish","type":"product","link":"https:\/\/grupotextil.es\/ca\/product\/chaleco-reciclado-insulated\/","title":{"rendered":"Chaleco reciclado Insulated"},"content":{"rendered":"<ul>\n<li>160 g\/m\u00b2<\/li>\n<li>Exterior: 100% Poli\u00e9ster reciclado<\/li>\n<li>Acabado repelente al agua<\/li>\n<li>Capa intermedia: 100% poli\u00e9ster reciclado (Thermoguard)<\/li>\n<li>Forro: 100% Poli\u00e9ster reciclado<\/li>\n<li>Dobladillo el\u00e1stico<\/li>\n<li>2 bolsillos inferiores con cremallera<\/li>\n<li>F\u00e1cil de comprimir<\/li>\n<li>Etiqueta extra\u00edble<\/li>\n<\/ul>","protected":false},"excerpt":{"rendered":"<p>160 g\/m\u00b2Exterior: 100% Poli\u00e9ster recicladoAcabado repelente al aguaCapa intermedia: 100% poli\u00e9ster reciclado (Thermoguard)Forro: 100% Poli\u00e9ster recicladoDobladillo el\u00e1stico2 bolsillos inferiores con c<\/p>","protected":false},"featured_media":428914,"comment_status":"open","ping_status":"closed","template":"","meta":{"_acf_changed":false},"product_brand":[11656],"product_cat":[13954,13990,13981,13974,13930,13975,13983,13992,13973],"product_tag":[],"class_list":{"0":"post-403380","1":"product","2":"type-product","3":"status-publish","4":"has-post-thumbnail","6":"product_brand-regatta","7":"product_cat-acc-bolsas-y-mochilas","8":"product_cat-m-chaquetas-y-abrigos","9":"product_cat-h-chaquetas-y-abrigos","10":"product_cat-ropa-hombre","11":"product_cat-laboral","12":"product_cat-ropa-mujer","13":"product_cat-h-pantalones","14":"product_cat-m-pantalones","15":"product_cat-ropa","16":"tm-no-options","18":"first","19":"instock","20":"taxable","21":"shipping-taxable","22":"product-type-variable"},"acf":[],"_links":{"self":[{"href":"https:\/\/grupotextil.es\/ca\/wp-json\/wp\/v2\/product\/403380","targetHints":{"allow":["GET"]}}],"collection":[{"href":"https:\/\/grupotextil.es\/ca\/wp-json\/wp\/v2\/product"}],"about":[{"href":"https:\/\/grupotextil.es\/ca\/wp-json\/wp\/v2\/types\/product"}],"replies":[{"embeddable":true,"href":"https:\/\/grupotextil.es\/ca\/wp-json\/wp\/v2\/comments?post=403380"}],"wp:featuredmedia":[{"embeddable":true,"href":"https:\/\/grupotextil.es\/ca\/wp-json\/wp\/v2\/media\/428914"}],"wp:attachment":[{"href":"https:\/\/grupotextil.es\/ca\/wp-json\/wp\/v2\/media?parent=403380"}],"wp:term":[{"taxonomy":"product_brand","embeddable":true,"href":"https:\/\/grupotextil.es\/ca\/wp-json\/wp\/v2\/product_brand?post=403380"},{"taxonomy":"product_cat","embeddable":true,"href":"https:\/\/grupotextil.es\/ca\/wp-json\/wp\/v2\/product_cat?post=403380"},{"taxonomy":"product_tag","embeddable":true,"href":"https:\/\/grupotextil.es\/ca\/wp-json\/wp\/v2\/product_tag?post=403380"}],"curies":[{"name":"wp","href":"https:\/\/api.w.org\/{rel}","templated":true}]}}