{"id":403411,"date":"2026-03-08T05:39:46","date_gmt":"2026-03-08T04:39:46","guid":{"rendered":"https:\/\/grupotextil.es\/producto\/pantalon-de-chandal-unlabeled\/"},"modified":"2026-03-08T05:39:46","modified_gmt":"2026-03-08T04:39:46","slug":"pantalon-de-chandal-unlabeled","status":"publish","type":"product","link":"https:\/\/grupotextil.es\/ca\/product\/pantalon-de-chandal-unlabeled\/","title":{"rendered":"Trouser de ch\u00e1ndal UNLABELED"},"content":{"rendered":"<ul>\n<li>300 g\/m\u00b2<\/li>\n<li>70 % algod\u00f3n (org\u00e1nico), peinado y ring-spun, 30 % poli\u00e9ster reciclado y certificado<\/li>\n<li>Corte holgado<\/li>\n<li>Cepillado por dentro<\/li>\n<li>Dos bolsillos delanteros<\/li>\n<li>Cord\u00f3n ajustable<\/li>\n<li>El\u00e1stico suave en el dobladillo<\/li>\n<li>Doble te\u00f1ido para un color intenso y duradero<\/li>\n<li>Doble preencogido para mantener la forma<\/li>\n<li>Tela de 3 hilos para superficie suave<\/li>\n<li>Lavable a 60 \u00baC<\/li>\n<li>Sin etiquetas.<\/li>\n<\/ul>","protected":false},"excerpt":{"rendered":"<p>300 g\/m\u00b270 % algod\u00f3n (org\u00e1nico), peinado y ring-spun, 30 % poli\u00e9ster reciclado y certificadoCorte holgadoCepillado por dentroDos bolsillos delanterosCord\u00f3n ajustableEl\u00e1stico suave en el dobladilloD&#8230;<\/p>","protected":false},"featured_media":428948,"comment_status":"open","ping_status":"closed","template":"","meta":{"_acf_changed":false},"product_brand":[11671],"product_cat":[13954,13990,13981,13974,13930,13975,13983,13992,13973],"product_tag":[14010],"class_list":{"0":"post-403411","1":"product","2":"type-product","3":"status-publish","4":"has-post-thumbnail","6":"product_brand-tee-jays","7":"product_cat-acc-bolsas-y-mochilas","8":"product_cat-m-chaquetas-y-abrigos","9":"product_cat-h-chaquetas-y-abrigos","10":"product_cat-ropa-hombre","11":"product_cat-laboral","12":"product_cat-ropa-mujer","13":"product_cat-h-pantalones","14":"product_cat-m-pantalones","15":"product_cat-ropa","16":"product_tag-nuevo-2026","17":"tm-no-options","19":"first","20":"instock","21":"taxable","22":"shipping-taxable","23":"product-type-variable"},"acf":[],"_links":{"self":[{"href":"https:\/\/grupotextil.es\/ca\/wp-json\/wp\/v2\/product\/403411","targetHints":{"allow":["GET"]}}],"collection":[{"href":"https:\/\/grupotextil.es\/ca\/wp-json\/wp\/v2\/product"}],"about":[{"href":"https:\/\/grupotextil.es\/ca\/wp-json\/wp\/v2\/types\/product"}],"replies":[{"embeddable":true,"href":"https:\/\/grupotextil.es\/ca\/wp-json\/wp\/v2\/comments?post=403411"}],"wp:featuredmedia":[{"embeddable":true,"href":"https:\/\/grupotextil.es\/ca\/wp-json\/wp\/v2\/media\/428948"}],"wp:attachment":[{"href":"https:\/\/grupotextil.es\/ca\/wp-json\/wp\/v2\/media?parent=403411"}],"wp:term":[{"taxonomy":"product_brand","embeddable":true,"href":"https:\/\/grupotextil.es\/ca\/wp-json\/wp\/v2\/product_brand?post=403411"},{"taxonomy":"product_cat","embeddable":true,"href":"https:\/\/grupotextil.es\/ca\/wp-json\/wp\/v2\/product_cat?post=403411"},{"taxonomy":"product_tag","embeddable":true,"href":"https:\/\/grupotextil.es\/ca\/wp-json\/wp\/v2\/product_tag?post=403411"}],"curies":[{"name":"wp","href":"https:\/\/api.w.org\/{rel}","templated":true}]}}