{"id":403653,"date":"2026-03-08T05:41:56","date_gmt":"2026-03-08T04:41:56","guid":{"rendered":"https:\/\/grupotextil.es\/producto\/micropolar-reciclado-con-cremallera-mujer\/"},"modified":"2026-03-08T05:41:56","modified_gmt":"2026-03-08T04:41:56","slug":"micropolar-reciclado-con-cremallera-mujer","status":"publish","type":"product","link":"https:\/\/grupotextil.es\/ca\/product\/micropolar-reciclado-con-cremallera-mujer\/","title":{"rendered":"Micropolar reciclado con cremallera mujer"},"content":{"rendered":"<ul>\n<li>280 g\/m\u00b2<\/li>\n<li>100% Poli\u00e9ster (Micropolar Antibolitas)<\/li>\n<li>F\u00e1cil cuidado<\/li>\n<li>Tacto suave<\/li>\n<li>Secado r\u00e1pido<\/li>\n<li>1 bolsillo en el pecho con cremallera y 2 bolsillos inferiores con cremallera<\/li>\n<li>Etiqueta extra\u00edble<\/li>\n<li>Hecho de al menos 15 botellas de pl\u00e1stico<\/li>\n<\/ul>","protected":false},"excerpt":{"rendered":"<p>280 g\/m\u00b2100% Poli\u00e9ster (Micropolar Antibolitas)F\u00e1cil cuidadoTacto suaveSecado r\u00e1pido1 bolsillo en el pecho con cremallera y 2 bolsillos inferiores con cremalleraEtiqueta extra\u00edbleHecho de al menos 15<\/p>","protected":false},"featured_media":429039,"comment_status":"open","ping_status":"closed","template":"","meta":{"_acf_changed":false},"product_brand":[11656],"product_cat":[13954,13981,13990,13974,13930,13975,13992,13983,13973],"product_tag":[],"class_list":{"0":"post-403653","1":"product","2":"type-product","3":"status-publish","4":"has-post-thumbnail","6":"product_brand-regatta","7":"product_cat-acc-bolsas-y-mochilas","8":"product_cat-h-chaquetas-y-abrigos","9":"product_cat-m-chaquetas-y-abrigos","10":"product_cat-ropa-hombre","11":"product_cat-laboral","12":"product_cat-ropa-mujer","13":"product_cat-m-pantalones","14":"product_cat-h-pantalones","15":"product_cat-ropa","16":"tm-no-options","18":"first","19":"instock","20":"taxable","21":"shipping-taxable","22":"product-type-variable"},"acf":[],"_links":{"self":[{"href":"https:\/\/grupotextil.es\/ca\/wp-json\/wp\/v2\/product\/403653","targetHints":{"allow":["GET"]}}],"collection":[{"href":"https:\/\/grupotextil.es\/ca\/wp-json\/wp\/v2\/product"}],"about":[{"href":"https:\/\/grupotextil.es\/ca\/wp-json\/wp\/v2\/types\/product"}],"replies":[{"embeddable":true,"href":"https:\/\/grupotextil.es\/ca\/wp-json\/wp\/v2\/comments?post=403653"}],"wp:featuredmedia":[{"embeddable":true,"href":"https:\/\/grupotextil.es\/ca\/wp-json\/wp\/v2\/media\/429039"}],"wp:attachment":[{"href":"https:\/\/grupotextil.es\/ca\/wp-json\/wp\/v2\/media?parent=403653"}],"wp:term":[{"taxonomy":"product_brand","embeddable":true,"href":"https:\/\/grupotextil.es\/ca\/wp-json\/wp\/v2\/product_brand?post=403653"},{"taxonomy":"product_cat","embeddable":true,"href":"https:\/\/grupotextil.es\/ca\/wp-json\/wp\/v2\/product_cat?post=403653"},{"taxonomy":"product_tag","embeddable":true,"href":"https:\/\/grupotextil.es\/ca\/wp-json\/wp\/v2\/product_tag?post=403653"}],"curies":[{"name":"wp","href":"https:\/\/api.w.org\/{rel}","templated":true}]}}