{"id":403834,"date":"2026-03-08T05:42:51","date_gmt":"2026-03-08T04:42:51","guid":{"rendered":"https:\/\/grupotextil.es\/producto\/mochila-reciclada-doble-asa-roll-top-para-portatil\/"},"modified":"2026-03-08T05:42:51","modified_gmt":"2026-03-08T04:42:51","slug":"mochila-reciclada-doble-asa-roll-top-para-portatil","status":"publish","type":"product","link":"https:\/\/grupotextil.es\/ca\/product\/mochila-reciclada-doble-asa-roll-top-para-portatil\/","title":{"rendered":"Mochila reciclado doble asa Roll-Top para port\u00e1til"},"content":{"rendered":"<ul>\n<li>100% poli\u00e9ster (reciclado, 300D)<\/li>\n<li>Asas de mano<\/li>\n<li>Cierre enrollable<\/li>\n<li>Correas de hombro ajustables acolchadas<\/li>\n<li>Panel trasero acolchado<\/li>\n<li>Poli\u00e9ster reciclado de aproximadamente 12 botellas<\/li>\n<li>Compartimento acolchado para port\u00e1til con acceso externo, compatible con hasta 15,6<\/li>\n<li>Bolsillo interno con cremallera<\/li>\n<li>Secci\u00f3n de bolsillo frontal dise\u00f1ada para una f\u00e1cil decoraci\u00f3n<\/li>\n<li>Bolsillo externo para botella<\/li>\n<li>Etiqueta extra\u00edble<\/li>\n<li>Capacidad: 19 litros<\/li>\n<li>Dimensiones: 30x44x14 cm<\/li>\n<li>Max. bordado: 18 aro tubular<\/li>\n<li>Max. \u00e1rea de impresi\u00f3n: 27&#215;18 cm<\/li>\n<\/ul>","protected":false},"excerpt":{"rendered":"<p>100% poli\u00e9ster (reciclado, 300D)Asas de manoCierre enrollableCorreas de hombro ajustables acolchadasPanel trasero acolchadoPoli\u00e9ster reciclado de aproximadamente 12 botellasCompartimento acolchado &#8230;<\/p>","protected":false},"featured_media":429164,"comment_status":"open","ping_status":"closed","template":"","meta":{"_acf_changed":false},"product_brand":[11668],"product_cat":[13954,13981,13990,13974,13930,13975,13992,13983,13973],"product_tag":[],"class_list":{"0":"post-403834","1":"product","2":"type-product","3":"status-publish","4":"has-post-thumbnail","6":"product_brand-bag-base","7":"product_cat-acc-bolsas-y-mochilas","8":"product_cat-h-chaquetas-y-abrigos","9":"product_cat-m-chaquetas-y-abrigos","10":"product_cat-ropa-hombre","11":"product_cat-laboral","12":"product_cat-ropa-mujer","13":"product_cat-m-pantalones","14":"product_cat-h-pantalones","15":"product_cat-ropa","16":"tm-no-options","18":"first","19":"instock","20":"taxable","21":"shipping-taxable","22":"product-type-variable"},"acf":[],"_links":{"self":[{"href":"https:\/\/grupotextil.es\/ca\/wp-json\/wp\/v2\/product\/403834","targetHints":{"allow":["GET"]}}],"collection":[{"href":"https:\/\/grupotextil.es\/ca\/wp-json\/wp\/v2\/product"}],"about":[{"href":"https:\/\/grupotextil.es\/ca\/wp-json\/wp\/v2\/types\/product"}],"replies":[{"embeddable":true,"href":"https:\/\/grupotextil.es\/ca\/wp-json\/wp\/v2\/comments?post=403834"}],"wp:featuredmedia":[{"embeddable":true,"href":"https:\/\/grupotextil.es\/ca\/wp-json\/wp\/v2\/media\/429164"}],"wp:attachment":[{"href":"https:\/\/grupotextil.es\/ca\/wp-json\/wp\/v2\/media?parent=403834"}],"wp:term":[{"taxonomy":"product_brand","embeddable":true,"href":"https:\/\/grupotextil.es\/ca\/wp-json\/wp\/v2\/product_brand?post=403834"},{"taxonomy":"product_cat","embeddable":true,"href":"https:\/\/grupotextil.es\/ca\/wp-json\/wp\/v2\/product_cat?post=403834"},{"taxonomy":"product_tag","embeddable":true,"href":"https:\/\/grupotextil.es\/ca\/wp-json\/wp\/v2\/product_tag?post=403834"}],"curies":[{"name":"wp","href":"https:\/\/api.w.org\/{rel}","templated":true}]}}