{"id":403906,"date":"2026-03-08T05:43:31","date_gmt":"2026-03-08T04:43:31","guid":{"rendered":"https:\/\/grupotextil.es\/producto\/bruselas-delantal-reciclado-corto-con-bolsillo\/"},"modified":"2026-03-08T05:43:31","modified_gmt":"2026-03-08T04:43:31","slug":"bruselas-delantal-reciclado-corto-con-bolsillo","status":"publish","type":"product","link":"https:\/\/grupotextil.es\/ca\/product\/bruselas-delantal-reciclado-corto-con-bolsillo\/","title":{"rendered":"BRUSELAS &#8211; Delantal reciclado Corto con Bolsillo"},"content":{"rendered":"<ul>\n<li>205 g\/m\u00b2<\/li>\n<li>65% poli\u00e9ster (Reciclado), 35% algod\u00f3n (Reciclado)<\/li>\n<li>Sarga fina<\/li>\n<li>Colorfast, solidez del color<\/li>\n<li>Cuidado f\u00e1cil<\/li>\n<li>Colorante te\u00f1ido reactivo resistente<\/li>\n<li>Delantal resistente con lazos en la cintura<\/li>\n<li>Gran bolsillo central cosido con 2 compartimentos (40 x 20 cm)<\/li>\n<li>Longitud corta<\/li>\n<li>Medidas: 78 x 52 cm<\/li>\n<li>Lavable hasta 60\u00b0C<\/li>\n<\/ul>","protected":false},"excerpt":{"rendered":"<p>205 g\/m\u00b265% poli\u00e9ster (Reciclado), 35% algod\u00f3n (Reciclado)Sarga finaColorfast, solidez del colorCuidado f\u00e1cilColorante te\u00f1ido reactivo resistenteDelantal resistente con lazos en la cinturaGran bolsill<\/p>","protected":false},"featured_media":429212,"comment_status":"open","ping_status":"closed","template":"","meta":{"_acf_changed":false},"product_brand":[11683],"product_cat":[13954,13950,13974,13932,13930,13975,13973],"product_tag":[],"class_list":{"0":"post-403906","1":"product","2":"type-product","3":"status-publish","4":"has-post-thumbnail","6":"product_brand-sg-accessories-bistro","7":"product_cat-acc-bolsas-y-mochilas","8":"product_cat-gorros-y-beanies","9":"product_cat-ropa-hombre","10":"product_cat-hosteleria-horeca","11":"product_cat-laboral","12":"product_cat-ropa-mujer","13":"product_cat-ropa","14":"tm-no-options","16":"first","17":"instock","18":"taxable","19":"shipping-taxable","20":"product-type-variable"},"acf":[],"_links":{"self":[{"href":"https:\/\/grupotextil.es\/ca\/wp-json\/wp\/v2\/product\/403906","targetHints":{"allow":["GET"]}}],"collection":[{"href":"https:\/\/grupotextil.es\/ca\/wp-json\/wp\/v2\/product"}],"about":[{"href":"https:\/\/grupotextil.es\/ca\/wp-json\/wp\/v2\/types\/product"}],"replies":[{"embeddable":true,"href":"https:\/\/grupotextil.es\/ca\/wp-json\/wp\/v2\/comments?post=403906"}],"wp:featuredmedia":[{"embeddable":true,"href":"https:\/\/grupotextil.es\/ca\/wp-json\/wp\/v2\/media\/429212"}],"wp:attachment":[{"href":"https:\/\/grupotextil.es\/ca\/wp-json\/wp\/v2\/media?parent=403906"}],"wp:term":[{"taxonomy":"product_brand","embeddable":true,"href":"https:\/\/grupotextil.es\/ca\/wp-json\/wp\/v2\/product_brand?post=403906"},{"taxonomy":"product_cat","embeddable":true,"href":"https:\/\/grupotextil.es\/ca\/wp-json\/wp\/v2\/product_cat?post=403906"},{"taxonomy":"product_tag","embeddable":true,"href":"https:\/\/grupotextil.es\/ca\/wp-json\/wp\/v2\/product_tag?post=403906"}],"curies":[{"name":"wp","href":"https:\/\/api.w.org\/{rel}","templated":true}]}}