{"id":403967,"date":"2026-03-08T05:44:00","date_gmt":"2026-03-08T04:44:00","guid":{"rendered":"https:\/\/grupotextil.es\/producto\/gorro-hygge\/"},"modified":"2026-03-08T05:44:00","modified_gmt":"2026-03-08T04:44:00","slug":"gorro-hygge","status":"publish","type":"product","link":"https:\/\/grupotextil.es\/ca\/product\/gorro-hygge\/","title":{"rendered":"Beanie Hygge"},"content":{"rendered":"<ul>\n<li>100% poliacr\u00edlico (softspun)<\/li>\n<li>Forrado por dentro para m\u00e1s calidez<\/li>\n<li>Dise\u00f1o de punto acanalado grueso<\/li>\n<li>Pomp\u00f3n de dise\u00f1o y gran tama\u00f1o<\/li>\n<li>Base dise\u00f1ada para una decoraci\u00f3n \u00f3ptima<\/li>\n<li>Etiqueta extra\u00edble<\/li>\n<\/ul>","protected":false},"excerpt":{"rendered":"<p>100% poliacr\u00edlico (softspun)Forrado por dentro para m\u00e1s calidezDise\u00f1o de punto acanalado gruesoPomp\u00f3n de dise\u00f1o y gran tama\u00f1oBase dise\u00f1ada para una decoraci\u00f3n \u00f3ptimaEtiqueta extra\u00edble<\/p>","protected":false},"featured_media":429233,"comment_status":"open","ping_status":"closed","template":"","meta":{"_acf_changed":false},"product_brand":[11655],"product_cat":[13954,13950,13974,13932,13930,13975,13973],"product_tag":[],"class_list":{"0":"post-403967","1":"product","2":"type-product","3":"status-publish","4":"has-post-thumbnail","6":"product_brand-beechfield","7":"product_cat-acc-bolsas-y-mochilas","8":"product_cat-gorros-y-beanies","9":"product_cat-ropa-hombre","10":"product_cat-hosteleria-horeca","11":"product_cat-laboral","12":"product_cat-ropa-mujer","13":"product_cat-ropa","14":"tm-no-options","16":"first","17":"instock","18":"taxable","19":"shipping-taxable","20":"product-type-variable"},"acf":[],"_links":{"self":[{"href":"https:\/\/grupotextil.es\/ca\/wp-json\/wp\/v2\/product\/403967","targetHints":{"allow":["GET"]}}],"collection":[{"href":"https:\/\/grupotextil.es\/ca\/wp-json\/wp\/v2\/product"}],"about":[{"href":"https:\/\/grupotextil.es\/ca\/wp-json\/wp\/v2\/types\/product"}],"replies":[{"embeddable":true,"href":"https:\/\/grupotextil.es\/ca\/wp-json\/wp\/v2\/comments?post=403967"}],"wp:featuredmedia":[{"embeddable":true,"href":"https:\/\/grupotextil.es\/ca\/wp-json\/wp\/v2\/media\/429233"}],"wp:attachment":[{"href":"https:\/\/grupotextil.es\/ca\/wp-json\/wp\/v2\/media?parent=403967"}],"wp:term":[{"taxonomy":"product_brand","embeddable":true,"href":"https:\/\/grupotextil.es\/ca\/wp-json\/wp\/v2\/product_brand?post=403967"},{"taxonomy":"product_cat","embeddable":true,"href":"https:\/\/grupotextil.es\/ca\/wp-json\/wp\/v2\/product_cat?post=403967"},{"taxonomy":"product_tag","embeddable":true,"href":"https:\/\/grupotextil.es\/ca\/wp-json\/wp\/v2\/product_tag?post=403967"}],"curies":[{"name":"wp","href":"https:\/\/api.w.org\/{rel}","templated":true}]}}