{"id":403973,"date":"2026-03-08T05:44:01","date_gmt":"2026-03-08T04:44:01","guid":{"rendered":"https:\/\/grupotextil.es\/producto\/maxi-bolsa-earthaware-organica\/"},"modified":"2026-03-08T05:44:01","modified_gmt":"2026-03-08T04:44:01","slug":"maxi-bolsa-earthaware-organica","status":"publish","type":"product","link":"https:\/\/grupotextil.es\/ca\/product\/maxi-bolsa-earthaware-organica\/","title":{"rendered":"Maxi Bag EarthAware\u00ae org\u00e1nico"},"content":{"rendered":"<ul>\n<li>340 g\/m\u00b2<\/li>\n<li>Lona 100 % algod\u00f3n (org\u00e1nico)<\/li>\n<li>Certificado GOTS &#8211; CU811033<\/li>\n<li>Gran capacidad<\/li>\n<li>Se puede llevar en la mano o sobre el hombro<\/li>\n<li>Etiqueta extra\u00edble para facilitar el cambio de marca<\/li>\n<li>Capacidad: 18 litros<\/li>\n<li>Dimensiones: 35 x 39 x 13,5 cm<\/li>\n<\/ul>","protected":false},"excerpt":{"rendered":"<p>340 g\/m\u00b2Lona 100 % algod\u00f3n (org\u00e1nico)Certificado GOTS &#8211; CU811033Gran capacidadSe puede llevar en la mano o sobre el hombroEtiqueta extra\u00edble para facilitar el cambio de marcaCapacidad: 18 litrosDimens<\/p>","protected":false},"featured_media":429240,"comment_status":"open","ping_status":"closed","template":"","meta":{"_acf_changed":false},"product_brand":[11680],"product_cat":[13954,13950,13974,13932,13930,13975,13973],"product_tag":[14010],"class_list":{"0":"post-403973","1":"product","2":"type-product","3":"status-publish","4":"has-post-thumbnail","6":"product_brand-westford-mill","7":"product_cat-acc-bolsas-y-mochilas","8":"product_cat-gorros-y-beanies","9":"product_cat-ropa-hombre","10":"product_cat-hosteleria-horeca","11":"product_cat-laboral","12":"product_cat-ropa-mujer","13":"product_cat-ropa","14":"product_tag-nuevo-2026","15":"tm-no-options","17":"first","18":"instock","19":"taxable","20":"shipping-taxable","21":"product-type-variable"},"acf":[],"_links":{"self":[{"href":"https:\/\/grupotextil.es\/ca\/wp-json\/wp\/v2\/product\/403973","targetHints":{"allow":["GET"]}}],"collection":[{"href":"https:\/\/grupotextil.es\/ca\/wp-json\/wp\/v2\/product"}],"about":[{"href":"https:\/\/grupotextil.es\/ca\/wp-json\/wp\/v2\/types\/product"}],"replies":[{"embeddable":true,"href":"https:\/\/grupotextil.es\/ca\/wp-json\/wp\/v2\/comments?post=403973"}],"wp:featuredmedia":[{"embeddable":true,"href":"https:\/\/grupotextil.es\/ca\/wp-json\/wp\/v2\/media\/429240"}],"wp:attachment":[{"href":"https:\/\/grupotextil.es\/ca\/wp-json\/wp\/v2\/media?parent=403973"}],"wp:term":[{"taxonomy":"product_brand","embeddable":true,"href":"https:\/\/grupotextil.es\/ca\/wp-json\/wp\/v2\/product_brand?post=403973"},{"taxonomy":"product_cat","embeddable":true,"href":"https:\/\/grupotextil.es\/ca\/wp-json\/wp\/v2\/product_cat?post=403973"},{"taxonomy":"product_tag","embeddable":true,"href":"https:\/\/grupotextil.es\/ca\/wp-json\/wp\/v2\/product_tag?post=403973"}],"curies":[{"name":"wp","href":"https:\/\/api.w.org\/{rel}","templated":true}]}}