{"id":404269,"date":"2026-03-08T05:45:40","date_gmt":"2026-03-08T04:45:40","guid":{"rendered":"https:\/\/grupotextil.es\/producto\/brazalete-fluo\/"},"modified":"2026-03-08T05:45:40","modified_gmt":"2026-03-08T04:45:40","slug":"brazalete-fluo","status":"publish","type":"product","link":"https:\/\/grupotextil.es\/ca\/product\/brazalete-fluo\/","title":{"rendered":"Brazalete Fluo"},"content":{"rendered":"<ul>\n<li>100% PVC<\/li>\n<li>Banda de brazo con abertura lateral para insertar una etiqueta con su nombre<\/li>\n<li>Tama\u00f1o m\u00e1ximo de etiqueta: 6 x 10 cm<\/li>\n<li>Ajuste c\u00f3modo con banda el\u00e1stica del mismo color del producto<\/li>\n<li>Debido a los cambios aduaneros del BREXIT, estamos experimentando serios retrasos en las entregas de producto YOKO. Contacta con nuestro servicio de atenci\u00f3n al cliente para m\u00e1s informaci\u00f3n o para la b\u00fasqueda de una alternativa<\/li>\n<\/ul>","protected":false},"excerpt":{"rendered":"<p>100% PVCBanda de brazo con abertura lateral para insertar una etiqueta con su nombreTama\u00f1o m\u00e1ximo de etiqueta: 6 x 10 cmAjuste c\u00f3modo con banda el\u00e1stica del mismo color del productoDebido a los cam&#8230;<\/p>","protected":false},"featured_media":429393,"comment_status":"open","ping_status":"closed","template":"","meta":{"_acf_changed":false},"product_brand":[11663],"product_cat":[13954,13950,13974,13932,13930,13975,13973],"product_tag":[],"class_list":{"0":"post-404269","1":"product","2":"type-product","3":"status-publish","4":"has-post-thumbnail","6":"product_brand-yoko","7":"product_cat-acc-bolsas-y-mochilas","8":"product_cat-gorros-y-beanies","9":"product_cat-ropa-hombre","10":"product_cat-hosteleria-horeca","11":"product_cat-laboral","12":"product_cat-ropa-mujer","13":"product_cat-ropa","14":"tm-no-options","16":"first","17":"instock","18":"taxable","19":"shipping-taxable","20":"product-type-variable"},"acf":[],"_links":{"self":[{"href":"https:\/\/grupotextil.es\/ca\/wp-json\/wp\/v2\/product\/404269","targetHints":{"allow":["GET"]}}],"collection":[{"href":"https:\/\/grupotextil.es\/ca\/wp-json\/wp\/v2\/product"}],"about":[{"href":"https:\/\/grupotextil.es\/ca\/wp-json\/wp\/v2\/types\/product"}],"replies":[{"embeddable":true,"href":"https:\/\/grupotextil.es\/ca\/wp-json\/wp\/v2\/comments?post=404269"}],"wp:featuredmedia":[{"embeddable":true,"href":"https:\/\/grupotextil.es\/ca\/wp-json\/wp\/v2\/media\/429393"}],"wp:attachment":[{"href":"https:\/\/grupotextil.es\/ca\/wp-json\/wp\/v2\/media?parent=404269"}],"wp:term":[{"taxonomy":"product_brand","embeddable":true,"href":"https:\/\/grupotextil.es\/ca\/wp-json\/wp\/v2\/product_brand?post=404269"},{"taxonomy":"product_cat","embeddable":true,"href":"https:\/\/grupotextil.es\/ca\/wp-json\/wp\/v2\/product_cat?post=404269"},{"taxonomy":"product_tag","embeddable":true,"href":"https:\/\/grupotextil.es\/ca\/wp-json\/wp\/v2\/product_tag?post=404269"}],"curies":[{"name":"wp","href":"https:\/\/api.w.org\/{rel}","templated":true}]}}