{"id":404333,"date":"2026-03-08T05:45:46","date_gmt":"2026-03-08T04:45:46","guid":{"rendered":"https:\/\/grupotextil.es\/producto\/sevilla-delantal-cintura-holster\/"},"modified":"2026-03-08T05:45:46","modified_gmt":"2026-03-08T04:45:46","slug":"sevilla-delantal-cintura-holster","status":"publish","type":"product","link":"https:\/\/grupotextil.es\/ca\/product\/sevilla-delantal-cintura-holster\/","title":{"rendered":"SEVILLA &#8211; Apron Cintura Holster"},"content":{"rendered":"<ul>\n<li>205 g\/m\u00b2<\/li>\n<li>65% poli\u00e9ster, 35% algod\u00f3n<\/li>\n<li>Sarga fina<\/li>\n<li>Colorfast, solidez del color<\/li>\n<li>Cuidado f\u00e1cil<\/li>\n<li>Colorante te\u00f1ido reactivo resistente<\/li>\n<li>Cinturilla ajustable con hebilla de metal de lat\u00f3n envejecido y mosquet\u00f3n<\/li>\n<li>Presilla en el interior de la cintura para mayor longitud<\/li>\n<li>4 bolsillos separados con diferentes formas y dimensiones<\/li>\n<li>Incluye bolsillo para bol\u00edgrafo y abrebotellas<\/li>\n<li>Se puede usar en los costados o en el frente<\/li>\n<li>Medidas: 40 x 32 cm<\/li>\n<li>Lavable hasta 60\u00b0C<\/li>\n<\/ul>","protected":false},"excerpt":{"rendered":"<p>205 g\/m\u00b265% poli\u00e9ster, 35% algod\u00f3nSarga finaColorfast, solidez del colorCuidado f\u00e1cilColorante te\u00f1ido reactivo resistenteCinturilla ajustable con hebilla de metal de lat\u00f3n envejecido y mosquet\u00f3nPresil<\/p>","protected":false},"featured_media":429449,"comment_status":"open","ping_status":"closed","template":"","meta":{"_acf_changed":false},"product_brand":[11683],"product_cat":[13954,13950,13974,13932,13930,13975,13973],"product_tag":[],"class_list":{"0":"post-404333","1":"product","2":"type-product","3":"status-publish","4":"has-post-thumbnail","6":"product_brand-sg-accessories-bistro","7":"product_cat-acc-bolsas-y-mochilas","8":"product_cat-gorros-y-beanies","9":"product_cat-ropa-hombre","10":"product_cat-hosteleria-horeca","11":"product_cat-laboral","12":"product_cat-ropa-mujer","13":"product_cat-ropa","14":"tm-no-options","16":"first","17":"instock","18":"taxable","19":"shipping-taxable","20":"product-type-variable"},"acf":[],"_links":{"self":[{"href":"https:\/\/grupotextil.es\/ca\/wp-json\/wp\/v2\/product\/404333","targetHints":{"allow":["GET"]}}],"collection":[{"href":"https:\/\/grupotextil.es\/ca\/wp-json\/wp\/v2\/product"}],"about":[{"href":"https:\/\/grupotextil.es\/ca\/wp-json\/wp\/v2\/types\/product"}],"replies":[{"embeddable":true,"href":"https:\/\/grupotextil.es\/ca\/wp-json\/wp\/v2\/comments?post=404333"}],"wp:featuredmedia":[{"embeddable":true,"href":"https:\/\/grupotextil.es\/ca\/wp-json\/wp\/v2\/media\/429449"}],"wp:attachment":[{"href":"https:\/\/grupotextil.es\/ca\/wp-json\/wp\/v2\/media?parent=404333"}],"wp:term":[{"taxonomy":"product_brand","embeddable":true,"href":"https:\/\/grupotextil.es\/ca\/wp-json\/wp\/v2\/product_brand?post=404333"},{"taxonomy":"product_cat","embeddable":true,"href":"https:\/\/grupotextil.es\/ca\/wp-json\/wp\/v2\/product_cat?post=404333"},{"taxonomy":"product_tag","embeddable":true,"href":"https:\/\/grupotextil.es\/ca\/wp-json\/wp\/v2\/product_tag?post=404333"}],"curies":[{"name":"wp","href":"https:\/\/api.w.org\/{rel}","templated":true}]}}