{"id":404340,"date":"2026-03-08T05:45:47","date_gmt":"2026-03-08T04:45:47","guid":{"rendered":"https:\/\/grupotextil.es\/producto\/brazalete-fluo-2\/"},"modified":"2026-03-08T05:45:47","modified_gmt":"2026-03-08T04:45:47","slug":"brazalete-fluo-2","status":"publish","type":"product","link":"https:\/\/grupotextil.es\/ca\/product\/brazalete-fluo-2\/","title":{"rendered":"Brazalete Fluo"},"content":{"rendered":"<ul>\n<li>100% poli\u00e9ster<\/li>\n<li>Impermeable<\/li>\n<li>Cinta con sistema autocierre de gancho ajustable<\/li>\n<li>Medidas S\/M: 450 x 100 m<\/li>\n<li>Medidas L\/XL: 550 x 100 m<\/li>\n<li>Brazalete con gran \u00e1rea de decoraci\u00f3n<\/li>\n<li>Ideal para decoraci\u00f3n.<\/li>\n<\/ul>","protected":false},"excerpt":{"rendered":"<p>100% poli\u00e9sterImpermeableCinta con sistema autocierre de gancho ajustableMedidas S\/M: 450 x 100 mMedidas L\/XL: 550 x 100 mBrazalete con gran \u00e1rea de decoraci\u00f3nIdeal para decoraci\u00f3n.<\/p>","protected":false},"featured_media":429455,"comment_status":"open","ping_status":"closed","template":"","meta":{"_acf_changed":false},"product_brand":[11663],"product_cat":[13954,13950,13974,13932,13930,13975,13973],"product_tag":[14009],"class_list":{"0":"post-404340","1":"product","2":"type-product","3":"status-publish","4":"has-post-thumbnail","6":"product_brand-yoko","7":"product_cat-acc-bolsas-y-mochilas","8":"product_cat-gorros-y-beanies","9":"product_cat-ropa-hombre","10":"product_cat-hosteleria-horeca","11":"product_cat-laboral","12":"product_cat-ropa-mujer","13":"product_cat-ropa","14":"product_tag-top-ventas","15":"tm-no-options","17":"first","18":"instock","19":"taxable","20":"shipping-taxable","21":"product-type-variable"},"acf":[],"_links":{"self":[{"href":"https:\/\/grupotextil.es\/ca\/wp-json\/wp\/v2\/product\/404340","targetHints":{"allow":["GET"]}}],"collection":[{"href":"https:\/\/grupotextil.es\/ca\/wp-json\/wp\/v2\/product"}],"about":[{"href":"https:\/\/grupotextil.es\/ca\/wp-json\/wp\/v2\/types\/product"}],"replies":[{"embeddable":true,"href":"https:\/\/grupotextil.es\/ca\/wp-json\/wp\/v2\/comments?post=404340"}],"wp:featuredmedia":[{"embeddable":true,"href":"https:\/\/grupotextil.es\/ca\/wp-json\/wp\/v2\/media\/429455"}],"wp:attachment":[{"href":"https:\/\/grupotextil.es\/ca\/wp-json\/wp\/v2\/media?parent=404340"}],"wp:term":[{"taxonomy":"product_brand","embeddable":true,"href":"https:\/\/grupotextil.es\/ca\/wp-json\/wp\/v2\/product_brand?post=404340"},{"taxonomy":"product_cat","embeddable":true,"href":"https:\/\/grupotextil.es\/ca\/wp-json\/wp\/v2\/product_cat?post=404340"},{"taxonomy":"product_tag","embeddable":true,"href":"https:\/\/grupotextil.es\/ca\/wp-json\/wp\/v2\/product_tag?post=404340"}],"curies":[{"name":"wp","href":"https:\/\/api.w.org\/{rel}","templated":true}]}}