{"id":404378,"date":"2026-03-08T05:46:05","date_gmt":"2026-03-08T04:46:05","guid":{"rendered":"https:\/\/grupotextil.es\/producto\/lisboa-delantal-grueso-con-peto-y-bolsillo\/"},"modified":"2026-03-08T05:46:05","modified_gmt":"2026-03-08T04:46:05","slug":"lisboa-delantal-grueso-con-peto-y-bolsillo","status":"publish","type":"product","link":"https:\/\/grupotextil.es\/ca\/product\/lisboa-delantal-grueso-con-peto-y-bolsillo\/","title":{"rendered":"LISBOA &#8211; Apron grueso con peto y bolsillo"},"content":{"rendered":"<ul>\n<li>280 g\/m\u00b2<\/li>\n<li>100% algod\u00f3n<\/li>\n<li>Lona de sarga fina<\/li>\n<li>Colorfast, solidez del color<\/li>\n<li>Cuidado f\u00e1cil<\/li>\n<li>Colorante te\u00f1ido reactivo resistente<\/li>\n<li>Hebilla de ajuste del cuello<\/li>\n<li>Se ata a la cintura con costuras rematadas<\/li>\n<li>Gran bolsillo central cosido con 2 compartimentos (40 x 20 cm)<\/li>\n<li>Medidas: 85 x 71 cm<\/li>\n<li>Lavable hasta 60\u00b0C<\/li>\n<\/ul>","protected":false},"excerpt":{"rendered":"<p>280 g\/m\u00b2100% algod\u00f3nLona de sarga finaColorfast, solidez del colorCuidado f\u00e1cilColorante te\u00f1ido reactivo resistenteHebilla de ajuste del cuelloSe ata a la cintura con costuras rematadasGran bolsillo c<\/p>","protected":false},"featured_media":429468,"comment_status":"open","ping_status":"closed","template":"","meta":{"_acf_changed":false},"product_brand":[11683],"product_cat":[13954,13950,13974,13932,13930,13975,13973],"product_tag":[14009],"class_list":{"0":"post-404378","1":"product","2":"type-product","3":"status-publish","4":"has-post-thumbnail","6":"product_brand-sg-accessories-bistro","7":"product_cat-acc-bolsas-y-mochilas","8":"product_cat-gorros-y-beanies","9":"product_cat-ropa-hombre","10":"product_cat-hosteleria-horeca","11":"product_cat-laboral","12":"product_cat-ropa-mujer","13":"product_cat-ropa","14":"product_tag-top-ventas","15":"tm-no-options","17":"first","18":"instock","19":"taxable","20":"shipping-taxable","21":"product-type-variable"},"acf":[],"_links":{"self":[{"href":"https:\/\/grupotextil.es\/ca\/wp-json\/wp\/v2\/product\/404378","targetHints":{"allow":["GET"]}}],"collection":[{"href":"https:\/\/grupotextil.es\/ca\/wp-json\/wp\/v2\/product"}],"about":[{"href":"https:\/\/grupotextil.es\/ca\/wp-json\/wp\/v2\/types\/product"}],"replies":[{"embeddable":true,"href":"https:\/\/grupotextil.es\/ca\/wp-json\/wp\/v2\/comments?post=404378"}],"wp:featuredmedia":[{"embeddable":true,"href":"https:\/\/grupotextil.es\/ca\/wp-json\/wp\/v2\/media\/429468"}],"wp:attachment":[{"href":"https:\/\/grupotextil.es\/ca\/wp-json\/wp\/v2\/media?parent=404378"}],"wp:term":[{"taxonomy":"product_brand","embeddable":true,"href":"https:\/\/grupotextil.es\/ca\/wp-json\/wp\/v2\/product_brand?post=404378"},{"taxonomy":"product_cat","embeddable":true,"href":"https:\/\/grupotextil.es\/ca\/wp-json\/wp\/v2\/product_cat?post=404378"},{"taxonomy":"product_tag","embeddable":true,"href":"https:\/\/grupotextil.es\/ca\/wp-json\/wp\/v2\/product_tag?post=404378"}],"curies":[{"name":"wp","href":"https:\/\/api.w.org\/{rel}","templated":true}]}}