{"id":404410,"date":"2026-03-08T05:46:08","date_gmt":"2026-03-08T04:46:08","guid":{"rendered":"https:\/\/grupotextil.es\/producto\/calcetines-deportivos-pack-de-3\/"},"modified":"2026-03-08T05:46:08","modified_gmt":"2026-03-08T04:46:08","slug":"calcetines-deportivos-pack-de-3","status":"publish","type":"product","link":"https:\/\/grupotextil.es\/ca\/product\/calcetines-deportivos-pack-de-3\/","title":{"rendered":"Socks deportivos, pack de 3"},"content":{"rendered":"<ul>\n<li>97% poli\u00e9ster, 3% elastano<\/li>\n<li>Pu\u00f1os y empeine en canal\u00e9<\/li>\n<li>Contraste de color<\/li>\n<li>Ajuste deportivo de corte bajo con pesta\u00f1a de tobillo<\/li>\n<li>Combinables con ropa deportiva SPIRO<\/li>\n<li>Comodidad acolchada:doble capa estrat\u00e9gica para amortiguar el impacto<\/li>\n<li>1 pack = 3 pares de calcetines<\/li>\n<\/ul>","protected":false},"excerpt":{"rendered":"<p>97% poli\u00e9ster, 3% elastanoPu\u00f1os y empeine en canal\u00e9Contraste de colorAjuste deportivo de corte bajo con pesta\u00f1a de tobilloCombinables con ropa deportiva SPIROComodidad acolchada:doble capa estrat\u00e9gica<\/p>","protected":false},"featured_media":429498,"comment_status":"open","ping_status":"closed","template":"","meta":{"_acf_changed":false},"product_brand":[11669],"product_cat":[13948,13954,13939,13950,13974,13932,13930,13975,13992,13983,13973],"product_tag":[],"class_list":{"0":"post-404410","1":"product","2":"type-product","3":"status-publish","4":"has-post-thumbnail","6":"product_brand-result","7":"product_cat-accesorios","8":"product_cat-acc-bolsas-y-mochilas","9":"product_cat-deportivo","10":"product_cat-gorros-y-beanies","11":"product_cat-ropa-hombre","12":"product_cat-hosteleria-horeca","13":"product_cat-laboral","14":"product_cat-ropa-mujer","15":"product_cat-m-pantalones","16":"product_cat-h-pantalones","17":"product_cat-ropa","18":"tm-no-options","20":"first","21":"instock","22":"taxable","23":"shipping-taxable","24":"product-type-variable"},"acf":[],"_links":{"self":[{"href":"https:\/\/grupotextil.es\/ca\/wp-json\/wp\/v2\/product\/404410","targetHints":{"allow":["GET"]}}],"collection":[{"href":"https:\/\/grupotextil.es\/ca\/wp-json\/wp\/v2\/product"}],"about":[{"href":"https:\/\/grupotextil.es\/ca\/wp-json\/wp\/v2\/types\/product"}],"replies":[{"embeddable":true,"href":"https:\/\/grupotextil.es\/ca\/wp-json\/wp\/v2\/comments?post=404410"}],"wp:featuredmedia":[{"embeddable":true,"href":"https:\/\/grupotextil.es\/ca\/wp-json\/wp\/v2\/media\/429498"}],"wp:attachment":[{"href":"https:\/\/grupotextil.es\/ca\/wp-json\/wp\/v2\/media?parent=404410"}],"wp:term":[{"taxonomy":"product_brand","embeddable":true,"href":"https:\/\/grupotextil.es\/ca\/wp-json\/wp\/v2\/product_brand?post=404410"},{"taxonomy":"product_cat","embeddable":true,"href":"https:\/\/grupotextil.es\/ca\/wp-json\/wp\/v2\/product_cat?post=404410"},{"taxonomy":"product_tag","embeddable":true,"href":"https:\/\/grupotextil.es\/ca\/wp-json\/wp\/v2\/product_tag?post=404410"}],"curies":[{"name":"wp","href":"https:\/\/api.w.org\/{rel}","templated":true}]}}