{"id":404430,"date":"2026-03-08T05:46:10","date_gmt":"2026-03-08T04:46:10","guid":{"rendered":"https:\/\/grupotextil.es\/producto\/parche-sublimacion-molle\/"},"modified":"2026-03-08T05:46:10","modified_gmt":"2026-03-08T04:46:10","slug":"parche-sublimacion-molle","status":"publish","type":"product","link":"https:\/\/grupotextil.es\/ca\/product\/parche-sublimacion-molle\/","title":{"rendered":"Parche sublimaci\u00f3n MOLLE"},"content":{"rendered":"<ul>\n<li>100% poli\u00e9ster (microfibra HD)<\/li>\n<li>Reverso completo Rip-Strip \u2122 para la seguridad cualquier accesorio<\/li>\n<li>Superf\u00edcie de sublimaci\u00f3n HD, prensa optimizada para sublimaci\u00f3n<\/li>\n<li>Dise\u00f1ado para personalizaci\u00f3n y decorar<\/li>\n<li>Compatible con todos los art\u00edculos BagBase\u00ae MOLLE<\/li>\n<li>Compatible con todos los estilos de parche extra\u00edble Beechfield\u00ae<\/li>\n<li>Dimensiones: 10 x 6,5 cm<\/li>\n<li>Max. bordado: marco r\u00e1pido de 8 x 4,5 cm<\/li>\n<li>Max. \u00e1rea de impresi\u00f3n: 9 x 5,5 cm<\/li>\n<\/ul>","protected":false},"excerpt":{"rendered":"<p>100% poli\u00e9ster (microfibra HD)Reverso completo Rip-Strip \u2122 para la seguridad cualquier accesorioSuperf\u00edcie de sublimaci\u00f3n HD, prensa optimizada para sublimaci\u00f3nDise\u00f1ado para personalizaci\u00f3n y decor&#8230;<\/p>","protected":false},"featured_media":429513,"comment_status":"open","ping_status":"closed","template":"","meta":{"_acf_changed":false},"product_brand":[11668],"product_cat":[13948,13954,13939,13950,13974,13932,13930,13975,13992,13983,13973],"product_tag":[],"class_list":{"0":"post-404430","1":"product","2":"type-product","3":"status-publish","4":"has-post-thumbnail","6":"product_brand-bag-base","7":"product_cat-accesorios","8":"product_cat-acc-bolsas-y-mochilas","9":"product_cat-deportivo","10":"product_cat-gorros-y-beanies","11":"product_cat-ropa-hombre","12":"product_cat-hosteleria-horeca","13":"product_cat-laboral","14":"product_cat-ropa-mujer","15":"product_cat-m-pantalones","16":"product_cat-h-pantalones","17":"product_cat-ropa","18":"tm-no-options","20":"first","21":"instock","22":"taxable","23":"shipping-taxable","24":"product-type-variable"},"acf":[],"_links":{"self":[{"href":"https:\/\/grupotextil.es\/ca\/wp-json\/wp\/v2\/product\/404430","targetHints":{"allow":["GET"]}}],"collection":[{"href":"https:\/\/grupotextil.es\/ca\/wp-json\/wp\/v2\/product"}],"about":[{"href":"https:\/\/grupotextil.es\/ca\/wp-json\/wp\/v2\/types\/product"}],"replies":[{"embeddable":true,"href":"https:\/\/grupotextil.es\/ca\/wp-json\/wp\/v2\/comments?post=404430"}],"wp:featuredmedia":[{"embeddable":true,"href":"https:\/\/grupotextil.es\/ca\/wp-json\/wp\/v2\/media\/429513"}],"wp:attachment":[{"href":"https:\/\/grupotextil.es\/ca\/wp-json\/wp\/v2\/media?parent=404430"}],"wp:term":[{"taxonomy":"product_brand","embeddable":true,"href":"https:\/\/grupotextil.es\/ca\/wp-json\/wp\/v2\/product_brand?post=404430"},{"taxonomy":"product_cat","embeddable":true,"href":"https:\/\/grupotextil.es\/ca\/wp-json\/wp\/v2\/product_cat?post=404430"},{"taxonomy":"product_tag","embeddable":true,"href":"https:\/\/grupotextil.es\/ca\/wp-json\/wp\/v2\/product_tag?post=404430"}],"curies":[{"name":"wp","href":"https:\/\/api.w.org\/{rel}","templated":true}]}}